{"id":1463,"date":"2024-04-06T09:24:15","date_gmt":"2024-04-06T09:24:15","guid":{"rendered":"https:\/\/houseoflordslimited.com\/fr\/?page_id=1463"},"modified":"2024-05-23T11:35:06","modified_gmt":"2024-05-23T11:35:06","slug":"aperitif","status":"publish","type":"page","link":"https:\/\/houseoflordslimited.com\/fr\/aperitif\/","title":{"rendered":"AP\u00c9RITIF"},"content":{"rendered":"\t\t<div data-elementor-type=\"wp-page\" data-elementor-id=\"1463\" class=\"elementor elementor-1463\" data-elementor-post-type=\"page\">\n\t\t\t\t\t\t<section class=\"elementor-section elementor-top-section elementor-element elementor-element-9188cb2 elementor-section-full_width elementor-section-height-min-height elementor-section-stretched elementor-section-height-default elementor-section-items-middle wd-section-disabled\" data-id=\"9188cb2\" data-element_type=\"section\" data-settings=\"{&quot;stretch_section&quot;:&quot;section-stretched&quot;,&quot;background_background&quot;:&quot;classic&quot;}\">\n\t\t\t\t\t\t\t<div class=\"elementor-background-overlay\"><\/div>\n\t\t\t\t\t\t\t<div class=\"elementor-container elementor-column-gap-default\">\n\t\t\t\t\t<div class=\"elementor-column elementor-col-100 elementor-top-column elementor-element elementor-element-eefff29\" data-id=\"eefff29\" data-element_type=\"column\">\n\t\t\t<div class=\"elementor-widget-wrap elementor-element-populated\">\n\t\t\t\t\t\t<section class=\"wd-negative-gap elementor-section elementor-inner-section elementor-element elementor-element-d823154 elementor-section-boxed elementor-section-height-default elementor-section-height-default wd-section-disabled\" data-id=\"d823154\" data-element_type=\"section\">\n\t\t\t\t\t\t<div class=\"elementor-container elementor-column-gap-default\">\n\t\t\t\t\t<div class=\"elementor-column elementor-col-100 elementor-inner-column elementor-element elementor-element-7dbed49\" data-id=\"7dbed49\" data-element_type=\"column\">\n\t\t\t<div class=\"elementor-widget-wrap elementor-element-populated\">\n\t\t\t\t\t\t<div class=\"elementor-element elementor-element-e64bb08 elementor-widget elementor-widget-heading\" data-id=\"e64bb08\" data-element_type=\"widget\" data-widget_type=\"heading.default\">\n\t\t\t\t<div class=\"elementor-widget-container\">\n\t\t\t<style>\/*! elementor - v3.19.0 - 29-01-2024 *\/\n.elementor-heading-title{padding:0;margin:0;line-height:1}.elementor-widget-heading .elementor-heading-title[class*=elementor-size-]>a{color:inherit;font-size:inherit;line-height:inherit}.elementor-widget-heading .elementor-heading-title.elementor-size-small{font-size:15px}.elementor-widget-heading .elementor-heading-title.elementor-size-medium{font-size:19px}.elementor-widget-heading .elementor-heading-title.elementor-size-large{font-size:29px}.elementor-widget-heading .elementor-heading-title.elementor-size-xl{font-size:39px}.elementor-widget-heading .elementor-heading-title.elementor-size-xxl{font-size:59px}<\/style><h2 class=\"elementor-heading-title elementor-size-default\">PORT LOUIIS <\/br>AP\u00c9RITIF<\/h2>\t\t<\/div>\n\t\t\t\t<\/div>\n\t\t\t\t\t<\/div>\n\t\t<\/div>\n\t\t\t\t\t<\/div>\n\t\t<\/section>\n\t\t\t\t\t<\/div>\n\t\t<\/div>\n\t\t\t\t\t<\/div>\n\t\t<\/section>\n\t\t\t\t<section class=\"elementor-section elementor-top-section elementor-element elementor-element-df859d8 elementor-section-full_width elementor-section-stretched elementor-section-height-default elementor-section-height-default wd-section-disabled\" data-id=\"df859d8\" data-element_type=\"section\" id=\"pl_aperitif_gingeremb\" data-settings=\"{&quot;stretch_section&quot;:&quot;section-stretched&quot;}\">\n\t\t\t\t\t\t<div class=\"elementor-container elementor-column-gap-default\">\n\t\t\t\t\t<div class=\"elementor-column elementor-col-50 elementor-top-column elementor-element elementor-element-35d1382\" data-id=\"35d1382\" data-element_type=\"column\">\n\t\t\t<div class=\"elementor-widget-wrap elementor-element-populated\">\n\t\t\t\t\t\t<section class=\"elementor-section elementor-inner-section elementor-element elementor-element-0bc583c elementor-section-full_width elementor-section-height-default elementor-section-height-default wd-section-disabled\" data-id=\"0bc583c\" data-element_type=\"section\" data-settings=\"{&quot;background_background&quot;:&quot;classic&quot;}\">\n\t\t\t\t\t\t<div class=\"elementor-container elementor-column-gap-default\">\n\t\t\t\t\t<div class=\"elementor-column elementor-col-50 elementor-inner-column elementor-element elementor-element-7bd02a8 portleft\" data-id=\"7bd02a8\" data-element_type=\"column\">\n\t\t\t<div class=\"elementor-widget-wrap elementor-element-populated\">\n\t\t\t\t\t\t<div class=\"elementor-element elementor-element-77c59e0 rumclassification elementor-widget elementor-widget-heading\" data-id=\"77c59e0\" data-element_type=\"widget\" data-widget_type=\"heading.default\">\n\t\t\t\t<div class=\"elementor-widget-container\">\n\t\t\t<h2 class=\"elementor-heading-title elementor-size-default\">L\u00e9ger & Simple<\/h2>\t\t<\/div>\n\t\t\t\t<\/div>\n\t\t\t\t<div class=\"elementor-element elementor-element-5e9424a elementor-widget elementor-widget-heading\" data-id=\"5e9424a\" data-element_type=\"widget\" data-widget_type=\"heading.default\">\n\t\t\t\t<div class=\"elementor-widget-container\">\n\t\t\t<h2 class=\"elementor-heading-title elementor-size-default\">Port Louiis <\/br>Spirit Aperitif<\/br> Pomme Gingembre<\/h2>\t\t<\/div>\n\t\t\t\t<\/div>\n\t\t\t\t<div class=\"elementor-element elementor-element-6155b69 color-scheme-inherit text-left elementor-widget elementor-widget-text-editor\" data-id=\"6155b69\" data-element_type=\"widget\" data-widget_type=\"text-editor.default\">\n\t\t\t\t<div class=\"elementor-widget-container\">\n\t\t\t<style>\/*! elementor - v3.19.0 - 29-01-2024 *\/\n.elementor-widget-text-editor.elementor-drop-cap-view-stacked .elementor-drop-cap{background-color:#69727d;color:#fff}.elementor-widget-text-editor.elementor-drop-cap-view-framed .elementor-drop-cap{color:#69727d;border:3px solid;background-color:transparent}.elementor-widget-text-editor:not(.elementor-drop-cap-view-default) .elementor-drop-cap{margin-top:8px}.elementor-widget-text-editor:not(.elementor-drop-cap-view-default) .elementor-drop-cap-letter{width:1em;height:1em}.elementor-widget-text-editor .elementor-drop-cap{float:left;text-align:center;line-height:1;font-size:50px}.elementor-widget-text-editor .elementor-drop-cap-letter{display:inline-block}<\/style>\t\t\t\t<div><div class=\"defaultBlock-3WQYo\"><div class=\"rah-static rah-static--height-auto\" aria-hidden=\"false\"><div><div class=\"defaultBlock-3WQYo\"><div class=\"contentRect-aVg9o copyableElem-3MDgL fontCopyableElemTab-2p2c_\" tabindex=\"0\" data-auto=\"contentRect\" data-copytype=\"Content\" data-logtype=\"content\" data-fontinfo=\"Brave Sans\"><p class=\"content-1ObEW\" data-auto=\"textContent\">\u00c9labor\u00e9 \u00e0 la perfection, c&#8217;est un m\u00e9lange unique de rhum mauricien infus\u00e9 avec des extraits de fruits naturels. Des pommes d&#8217;Afrique du Sud et du gingembre du Nigeria sont incorpor\u00e9s au rhum \u00e0 base de m\u00e9lasse de qualit\u00e9 internationale.<\/p><p class=\"content-1ObEW\" data-auto=\"textContent\">Id\u00e9al pour les jeunes consommateurs exigeants \u00e0 la recherche d&#8217;une boisson innovante et fra\u00eeche \u00e0 base de fruits et d&#8217;alcool.<\/p><\/div><\/div><\/div><\/div><\/div><\/div>\t\t\t\t\t\t<\/div>\n\t\t\t\t<\/div>\n\t\t\t\t\t<\/div>\n\t\t<\/div>\n\t\t\t\t<div class=\"elementor-column elementor-col-50 elementor-inner-column elementor-element elementor-element-5af206c\" data-id=\"5af206c\" data-element_type=\"column\">\n\t\t\t<div class=\"elementor-widget-wrap elementor-element-populated\">\n\t\t\t\t\t\t<div class=\"elementor-element elementor-element-b93d190 elementor-widget__width-initial elementor-widget elementor-widget-image\" data-id=\"b93d190\" data-element_type=\"widget\" data-widget_type=\"image.default\">\n\t\t\t\t<div class=\"elementor-widget-container\">\n\t\t\t<style>\/*! elementor - v3.19.0 - 29-01-2024 *\/\n.elementor-widget-image{text-align:center}.elementor-widget-image a{display:inline-block}.elementor-widget-image a img[src$=\".svg\"]{width:48px}.elementor-widget-image img{vertical-align:middle;display:inline-block}<\/style>\t\t\t\t\t\t\t\t\t\t<img fetchpriority=\"high\" decoding=\"async\" width=\"843\" height=\"798\" src=\"https:\/\/houseoflordslimited.com\/fr\/wp-content\/uploads\/sites\/2\/2024\/04\/Group-691.1-1-1.webp\" class=\"attachment-full size-full wp-image-1436\" alt=\"\" srcset=\"https:\/\/houseoflordslimited.com\/fr\/wp-content\/uploads\/sites\/2\/2024\/04\/Group-691.1-1-1.webp 843w, https:\/\/houseoflordslimited.com\/fr\/wp-content\/uploads\/sites\/2\/2024\/04\/Group-691.1-1-1-300x284.webp 300w, https:\/\/houseoflordslimited.com\/fr\/wp-content\/uploads\/sites\/2\/2024\/04\/Group-691.1-1-1-768x727.webp 768w\" sizes=\"(max-width: 843px) 100vw, 843px\" \/>\t\t\t\t\t\t\t\t\t\t\t\t\t<\/div>\n\t\t\t\t<\/div>\n\t\t\t\t\t<\/div>\n\t\t<\/div>\n\t\t\t\t\t<\/div>\n\t\t<\/section>\n\t\t\t\t\t<\/div>\n\t\t<\/div>\n\t\t\t\t<div class=\"elementor-column elementor-col-50 elementor-top-column elementor-element elementor-element-6b69b31 portright\" data-id=\"6b69b31\" data-element_type=\"column\">\n\t\t\t<div class=\"elementor-widget-wrap elementor-element-populated\">\n\t\t\t\t\t\t<div class=\"elementor-element elementor-element-2fafd5f color-scheme-inherit text-left elementor-widget elementor-widget-text-editor\" data-id=\"2fafd5f\" data-element_type=\"widget\" data-widget_type=\"text-editor.default\">\n\t\t\t\t<div class=\"elementor-widget-container\">\n\t\t\t\t\t\t\t<p><span style=\"color: #ff8800;\"><strong>Alcool \u2013<\/strong><\/span> 30% \/ VOL; 12 x 750 ML, 6 x 500 ML, 24 x 200 ML<\/p><p><span style=\"color: #ff8800;\"><strong>Ar\u00f4me \u2013<\/strong><\/span> Ar\u00f4me sensoriel<\/p><p><span style=\"color: #ff8800;\"><strong>Go\u00fbt \u2013<\/strong><\/span> Riche, doux et sucr\u00e9 avec un arri\u00e8re-go\u00fbt constant de pomme et de gingembre &#8211; une explosion de fruits dans la bouche.<\/p><p><span style=\"color: #ff8800;\"><strong>Comment le d\u00e9guster\u2013<\/strong><\/span> Se d\u00e9guste de pr\u00e9f\u00e9rence \u00e0 15 \u00b0C<\/p><p>Appr\u00e9ciez-le sur de la glace ou dans votre cocktail pr\u00e9f\u00e9r\u00e9<\/p><p><em> Disponible en coffret pour la bouteille de 500 ml<\/em><\/p>\t\t\t\t\t\t<\/div>\n\t\t\t\t<\/div>\n\t\t\t\t\t<\/div>\n\t\t<\/div>\n\t\t\t\t\t<\/div>\n\t\t<\/section>\n\t\t\t\t<section class=\"elementor-section elementor-top-section elementor-element elementor-element-4924992 elementor-section-full_width elementor-section-stretched elementor-section-height-default elementor-section-height-default wd-section-disabled\" data-id=\"4924992\" data-element_type=\"section\" id=\"pl_aperitif_fraise\" data-settings=\"{&quot;stretch_section&quot;:&quot;section-stretched&quot;}\">\n\t\t\t\t\t\t<div class=\"elementor-container elementor-column-gap-default\">\n\t\t\t\t\t<div class=\"elementor-column elementor-col-50 elementor-top-column elementor-element elementor-element-d17898d\" data-id=\"d17898d\" data-element_type=\"column\">\n\t\t\t<div class=\"elementor-widget-wrap elementor-element-populated\">\n\t\t\t\t\t\t<section class=\"elementor-section elementor-inner-section elementor-element elementor-element-3c48d94 elementor-section-full_width elementor-section-height-default elementor-section-height-default wd-section-disabled\" data-id=\"3c48d94\" data-element_type=\"section\" data-settings=\"{&quot;background_background&quot;:&quot;classic&quot;}\">\n\t\t\t\t\t\t<div class=\"elementor-container elementor-column-gap-default\">\n\t\t\t\t\t<div class=\"elementor-column elementor-col-50 elementor-inner-column elementor-element elementor-element-5081b37 portleft\" data-id=\"5081b37\" data-element_type=\"column\">\n\t\t\t<div class=\"elementor-widget-wrap elementor-element-populated\">\n\t\t\t\t\t\t<div class=\"elementor-element elementor-element-6fffea0 rumclassification elementor-widget elementor-widget-heading\" data-id=\"6fffea0\" data-element_type=\"widget\" data-widget_type=\"heading.default\">\n\t\t\t\t<div class=\"elementor-widget-container\">\n\t\t\t<h2 class=\"elementor-heading-title elementor-size-default\">L\u00e9ger & Simple<\/h2>\t\t<\/div>\n\t\t\t\t<\/div>\n\t\t\t\t<div class=\"elementor-element elementor-element-d16bbfd elementor-widget elementor-widget-heading\" data-id=\"d16bbfd\" data-element_type=\"widget\" data-widget_type=\"heading.default\">\n\t\t\t\t<div class=\"elementor-widget-container\">\n\t\t\t<h2 class=\"elementor-heading-title elementor-size-default\">Port Louiis <\/br>Spirit Aperitif<\/br> Fraise<\/h2>\t\t<\/div>\n\t\t\t\t<\/div>\n\t\t\t\t<div class=\"elementor-element elementor-element-32565b1 color-scheme-inherit text-left elementor-widget elementor-widget-text-editor\" data-id=\"32565b1\" data-element_type=\"widget\" data-widget_type=\"text-editor.default\">\n\t\t\t\t<div class=\"elementor-widget-container\">\n\t\t\t\t\t\t\t<p>\u00c9labor\u00e9 avec art, ce m\u00e9lange distinctif comprend du rhum mauricien infus\u00e9 avec des extraits de fruits naturels. L&#8217;ajout de succulentes fraises de France compl\u00e8te le rhum international \u00e0 base de m\u00e9lasse.<\/p><p>Cette boisson est id\u00e9ale pour les jeunes consommateurs exigeants \u00e0 la recherche d&#8217;une saveur innovante et fra\u00eeche de fruits avec de l&#8217;alcool.<\/p>\t\t\t\t\t\t<\/div>\n\t\t\t\t<\/div>\n\t\t\t\t\t<\/div>\n\t\t<\/div>\n\t\t\t\t<div class=\"elementor-column elementor-col-50 elementor-inner-column elementor-element elementor-element-5b62237\" data-id=\"5b62237\" data-element_type=\"column\">\n\t\t\t<div class=\"elementor-widget-wrap elementor-element-populated\">\n\t\t\t\t\t\t<div class=\"elementor-element elementor-element-5912d66 elementor-widget__width-initial elementor-widget elementor-widget-image\" data-id=\"5912d66\" data-element_type=\"widget\" data-widget_type=\"image.default\">\n\t\t\t\t<div class=\"elementor-widget-container\">\n\t\t\t\t\t\t\t\t\t\t\t\t\t<img decoding=\"async\" width=\"843\" height=\"798\" src=\"https:\/\/houseoflordslimited.com\/fr\/wp-content\/uploads\/sites\/2\/2024\/04\/aperitif-stavery.webp\" class=\"attachment-full size-full wp-image-1437\" alt=\"\" srcset=\"https:\/\/houseoflordslimited.com\/fr\/wp-content\/uploads\/sites\/2\/2024\/04\/aperitif-stavery.webp 843w, https:\/\/houseoflordslimited.com\/fr\/wp-content\/uploads\/sites\/2\/2024\/04\/aperitif-stavery-300x284.webp 300w, https:\/\/houseoflordslimited.com\/fr\/wp-content\/uploads\/sites\/2\/2024\/04\/aperitif-stavery-768x727.webp 768w\" sizes=\"(max-width: 843px) 100vw, 843px\" \/>\t\t\t\t\t\t\t\t\t\t\t\t\t<\/div>\n\t\t\t\t<\/div>\n\t\t\t\t\t<\/div>\n\t\t<\/div>\n\t\t\t\t\t<\/div>\n\t\t<\/section>\n\t\t\t\t\t<\/div>\n\t\t<\/div>\n\t\t\t\t<div class=\"elementor-column elementor-col-50 elementor-top-column elementor-element elementor-element-f3ef8de portright\" data-id=\"f3ef8de\" data-element_type=\"column\">\n\t\t\t<div class=\"elementor-widget-wrap elementor-element-populated\">\n\t\t\t\t\t\t<div class=\"elementor-element elementor-element-999cec6 color-scheme-inherit text-left elementor-widget elementor-widget-text-editor\" data-id=\"999cec6\" data-element_type=\"widget\" data-widget_type=\"text-editor.default\">\n\t\t\t\t<div class=\"elementor-widget-container\">\n\t\t\t\t\t\t\t<p><span style=\"color: #ff8800;\"><strong>Alcool\u00a0 \u2013<\/strong><\/span> 30% \/ VOL; 12 x 750 ml, 6 x 500 ml, 24 x 200 ml<\/p><p><span style=\"color: #ff8800;\"><strong>Ar\u00f4me \u2013<\/strong><\/span> Ar\u00f4me sensoriel\u00a0<\/p><p><span style=\"color: #ff8800;\"><strong>Go\u00fbt \u2013<\/strong><\/span> Go\u00fbt riche, doux et sucr\u00e9 avec un arri\u00e8re-go\u00fbt prolong\u00e9 de fraise &#8211; une v\u00e9ritable explosion de fruits dans la bouche.<\/p><p><span style=\"color: #ff8800;\"><strong>Comment le d\u00e9guster \u2013<\/strong><\/span><\/p><div><div class=\"defaultBlock-3WQYo\"><div class=\"rah-static rah-static--height-auto\" aria-hidden=\"false\"><div><div class=\"defaultBlock-3WQYo\"><div class=\"contentRect-aVg9o copyableElem-3MDgL fontCopyableElemTab-2p2c_\" tabindex=\"0\" data-auto=\"contentRect\" data-copytype=\"Content\" data-logtype=\"content\" data-fontinfo=\"Brave Sans\"><p class=\"content-1ObEW\" data-auto=\"textContent\">Se d\u00e9guste de pr\u00e9f\u00e9rence \u00e0 15 \u00b0C<\/p><p class=\"content-1ObEW\" data-auto=\"textContent\">Appr\u00e9ciez-le sur de la glace ou dans votre cocktail pr\u00e9f\u00e9r\u00e9<\/p><p class=\"content-1ObEW\" data-auto=\"textContent\">Disponible en coffret pour la bouteille de 500 ml<\/p><\/div><\/div><\/div><\/div><\/div><\/div>\t\t\t\t\t\t<\/div>\n\t\t\t\t<\/div>\n\t\t\t\t\t<\/div>\n\t\t<\/div>\n\t\t\t\t\t<\/div>\n\t\t<\/section>\n\t\t\t\t<section class=\"elementor-section elementor-top-section elementor-element elementor-element-d9ce4cb elementor-section-full_width elementor-section-stretched elementor-section-height-default elementor-section-height-default wd-section-disabled\" data-id=\"d9ce4cb\" data-element_type=\"section\" id=\"pl_aperitif_ananas\" data-settings=\"{&quot;stretch_section&quot;:&quot;section-stretched&quot;}\">\n\t\t\t\t\t\t<div class=\"elementor-container elementor-column-gap-default\">\n\t\t\t\t\t<div class=\"elementor-column elementor-col-50 elementor-top-column elementor-element elementor-element-add0c6d\" data-id=\"add0c6d\" data-element_type=\"column\">\n\t\t\t<div class=\"elementor-widget-wrap elementor-element-populated\">\n\t\t\t\t\t\t<section class=\"elementor-section elementor-inner-section elementor-element elementor-element-f8b1f11 elementor-section-full_width elementor-section-height-default elementor-section-height-default wd-section-disabled\" data-id=\"f8b1f11\" data-element_type=\"section\" data-settings=\"{&quot;background_background&quot;:&quot;classic&quot;}\">\n\t\t\t\t\t\t<div class=\"elementor-container elementor-column-gap-default\">\n\t\t\t\t\t<div class=\"elementor-column elementor-col-50 elementor-inner-column elementor-element elementor-element-9f5d2f9 portleft\" data-id=\"9f5d2f9\" data-element_type=\"column\">\n\t\t\t<div class=\"elementor-widget-wrap elementor-element-populated\">\n\t\t\t\t\t\t<div class=\"elementor-element elementor-element-65312c0 rumclassification elementor-widget elementor-widget-heading\" data-id=\"65312c0\" data-element_type=\"widget\" data-widget_type=\"heading.default\">\n\t\t\t\t<div class=\"elementor-widget-container\">\n\t\t\t<h2 class=\"elementor-heading-title elementor-size-default\">L\u00e9ger & Simple<\/h2>\t\t<\/div>\n\t\t\t\t<\/div>\n\t\t\t\t<div class=\"elementor-element elementor-element-7023471 elementor-widget elementor-widget-heading\" data-id=\"7023471\" data-element_type=\"widget\" data-widget_type=\"heading.default\">\n\t\t\t\t<div class=\"elementor-widget-container\">\n\t\t\t<h2 class=\"elementor-heading-title elementor-size-default\">Port Louiis <\/br>Spirit Aperitif <\/br> Ananas<\/h2>\t\t<\/div>\n\t\t\t\t<\/div>\n\t\t\t\t<div class=\"elementor-element elementor-element-5c60109 color-scheme-inherit text-left elementor-widget elementor-widget-text-editor\" data-id=\"5c60109\" data-element_type=\"widget\" data-widget_type=\"text-editor.default\">\n\t\t\t\t<div class=\"elementor-widget-container\">\n\t\t\t\t\t\t\t<p>M\u00e9lang\u00e9 par notre \u00e9quipe d&#8217;artisans, ce m\u00e9lange unique en son genre associe le rhum mauricien \u00e0 des extraits de fruits naturels. Il est agr\u00e9ment\u00e9 d&#8217;ananas br\u00e9silien qui se marie parfaitement avec notre rhum mauricien de qualit\u00e9 internationale \u00e0 base de m\u00e9lasse.<\/p><p>Il est id\u00e9al pour les jeunes consommateurs exigeants \u00e0 la recherche de nouvelles saveurs fra\u00eeches de fruits avec de l&#8217;alcool.<\/p>\t\t\t\t\t\t<\/div>\n\t\t\t\t<\/div>\n\t\t\t\t\t<\/div>\n\t\t<\/div>\n\t\t\t\t<div class=\"elementor-column elementor-col-50 elementor-inner-column elementor-element elementor-element-bb2e672\" data-id=\"bb2e672\" data-element_type=\"column\">\n\t\t\t<div class=\"elementor-widget-wrap elementor-element-populated\">\n\t\t\t\t\t\t<div class=\"elementor-element elementor-element-f5cd122 elementor-widget__width-initial elementor-widget elementor-widget-image\" data-id=\"f5cd122\" data-element_type=\"widget\" data-widget_type=\"image.default\">\n\t\t\t\t<div class=\"elementor-widget-container\">\n\t\t\t\t\t\t\t\t\t\t\t\t\t<img decoding=\"async\" width=\"733\" height=\"798\" src=\"https:\/\/houseoflordslimited.com\/fr\/wp-content\/uploads\/sites\/2\/2024\/04\/Group-903-1.webp\" class=\"attachment-full size-full wp-image-1438\" alt=\"\" srcset=\"https:\/\/houseoflordslimited.com\/fr\/wp-content\/uploads\/sites\/2\/2024\/04\/Group-903-1.webp 733w, https:\/\/houseoflordslimited.com\/fr\/wp-content\/uploads\/sites\/2\/2024\/04\/Group-903-1-276x300.webp 276w\" sizes=\"(max-width: 733px) 100vw, 733px\" \/>\t\t\t\t\t\t\t\t\t\t\t\t\t<\/div>\n\t\t\t\t<\/div>\n\t\t\t\t\t<\/div>\n\t\t<\/div>\n\t\t\t\t\t<\/div>\n\t\t<\/section>\n\t\t\t\t\t<\/div>\n\t\t<\/div>\n\t\t\t\t<div class=\"elementor-column elementor-col-50 elementor-top-column elementor-element elementor-element-e884514 portright\" data-id=\"e884514\" data-element_type=\"column\">\n\t\t\t<div class=\"elementor-widget-wrap elementor-element-populated\">\n\t\t\t\t\t\t<div class=\"elementor-element elementor-element-4f1b362 color-scheme-inherit text-left elementor-widget elementor-widget-text-editor\" data-id=\"4f1b362\" data-element_type=\"widget\" data-widget_type=\"text-editor.default\">\n\t\t\t\t<div class=\"elementor-widget-container\">\n\t\t\t\t\t\t\t<p><span style=\"color: #ff8800;\"><strong>Alcool \u2013<\/strong><\/span> 30% \/ VOL; 12 x 750 ML, 6 x 500 ML, 24 x 200 ML\u00a0<\/p><p><span style=\"color: #ff8800;\"><strong>Ar\u00f4me \u2013<\/strong><\/span> Ar\u00f4me sensoriel<\/p><p><span style=\"color: #ff8800;\"><strong>Go\u00fbt \u2013<\/strong><\/span> Go\u00fbt riche, doux et sucr\u00e9 avec un arri\u00e8re-go\u00fbt prononc\u00e9 d&#8217;ananas &#8211; une explosion de fruits dans la bouche.<\/p><p><span style=\"color: #ff8800;\"><strong>Comment le d\u00e9guster\u2013<\/strong><\/span> Se d\u00e9guste de pr\u00e9f\u00e9rence \u00e0 15 \u00b0C<\/p><p>Appr\u00e9ciez-le sur de la glace ou dans votre cocktail pr\u00e9f\u00e9r\u00e9<\/p><p>Disponible en coffret pour la bouteille de 500 ml<\/p>\t\t\t\t\t\t<\/div>\n\t\t\t\t<\/div>\n\t\t\t\t\t<\/div>\n\t\t<\/div>\n\t\t\t\t\t<\/div>\n\t\t<\/section>\n\t\t\t\t<\/div>\n\t\t","protected":false},"excerpt":{"rendered":"<p>PORT LOUIIS AP\u00c9RITIF L\u00e9ger &#038; Simple Port Louiis Spirit Aperitif Pomme Gingembre \u00c9labor\u00e9 \u00e0 la perfection, c&#8217;est un m\u00e9lange unique<\/p>\n","protected":false},"author":1,"featured_media":0,"parent":0,"menu_order":0,"comment_status":"closed","ping_status":"closed","template":"","meta":{"footnotes":""},"_links":{"self":[{"href":"https:\/\/houseoflordslimited.com\/fr\/wp-json\/wp\/v2\/pages\/1463"}],"collection":[{"href":"https:\/\/houseoflordslimited.com\/fr\/wp-json\/wp\/v2\/pages"}],"about":[{"href":"https:\/\/houseoflordslimited.com\/fr\/wp-json\/wp\/v2\/types\/page"}],"author":[{"embeddable":true,"href":"https:\/\/houseoflordslimited.com\/fr\/wp-json\/wp\/v2\/users\/1"}],"replies":[{"embeddable":true,"href":"https:\/\/houseoflordslimited.com\/fr\/wp-json\/wp\/v2\/comments?post=1463"}],"version-history":[{"count":16,"href":"https:\/\/houseoflordslimited.com\/fr\/wp-json\/wp\/v2\/pages\/1463\/revisions"}],"predecessor-version":[{"id":1726,"href":"https:\/\/houseoflordslimited.com\/fr\/wp-json\/wp\/v2\/pages\/1463\/revisions\/1726"}],"wp:attachment":[{"href":"https:\/\/houseoflordslimited.com\/fr\/wp-json\/wp\/v2\/media?parent=1463"}],"curies":[{"name":"wp","href":"https:\/\/api.w.org\/{rel}","templated":true}]}}