{"id":1458,"date":"2024-04-06T09:21:57","date_gmt":"2024-04-06T09:21:57","guid":{"rendered":"https:\/\/houseoflordslimited.com\/fr\/?page_id=1458"},"modified":"2024-05-23T13:34:25","modified_gmt":"2024-05-23T13:34:25","slug":"liqueurs","status":"publish","type":"page","link":"https:\/\/houseoflordslimited.com\/fr\/liqueurs\/","title":{"rendered":"LIQUEURS"},"content":{"rendered":"\t\t<div data-elementor-type=\"wp-page\" data-elementor-id=\"1458\" class=\"elementor elementor-1458\" data-elementor-post-type=\"page\">\n\t\t\t\t\t\t<section class=\"elementor-section elementor-top-section elementor-element elementor-element-9558555 elementor-section-full_width elementor-section-height-min-height elementor-section-stretched elementor-section-height-default elementor-section-items-middle wd-section-disabled\" data-id=\"9558555\" data-element_type=\"section\" data-settings=\"{&quot;stretch_section&quot;:&quot;section-stretched&quot;,&quot;background_background&quot;:&quot;classic&quot;}\">\n\t\t\t\t\t\t<div class=\"elementor-container elementor-column-gap-default\">\n\t\t\t\t\t<div class=\"elementor-column elementor-col-100 elementor-top-column elementor-element elementor-element-144b85c\" data-id=\"144b85c\" data-element_type=\"column\">\n\t\t\t<div class=\"elementor-widget-wrap elementor-element-populated\">\n\t\t\t\t\t\t<section class=\"wd-negative-gap elementor-section elementor-inner-section elementor-element elementor-element-8e479e1 elementor-section-boxed elementor-section-height-default elementor-section-height-default wd-section-disabled\" data-id=\"8e479e1\" data-element_type=\"section\">\n\t\t\t\t\t\t<div class=\"elementor-container elementor-column-gap-default\">\n\t\t\t\t\t<div class=\"elementor-column elementor-col-100 elementor-inner-column elementor-element elementor-element-af46106\" data-id=\"af46106\" data-element_type=\"column\">\n\t\t\t<div class=\"elementor-widget-wrap elementor-element-populated\">\n\t\t\t\t\t\t<div class=\"elementor-element elementor-element-e37f638 elementor-widget elementor-widget-heading\" data-id=\"e37f638\" data-element_type=\"widget\" data-widget_type=\"heading.default\">\n\t\t\t\t<div class=\"elementor-widget-container\">\n\t\t\t<style>\/*! elementor - v3.19.0 - 29-01-2024 *\/\n.elementor-heading-title{padding:0;margin:0;line-height:1}.elementor-widget-heading .elementor-heading-title[class*=elementor-size-]>a{color:inherit;font-size:inherit;line-height:inherit}.elementor-widget-heading .elementor-heading-title.elementor-size-small{font-size:15px}.elementor-widget-heading .elementor-heading-title.elementor-size-medium{font-size:19px}.elementor-widget-heading .elementor-heading-title.elementor-size-large{font-size:29px}.elementor-widget-heading .elementor-heading-title.elementor-size-xl{font-size:39px}.elementor-widget-heading .elementor-heading-title.elementor-size-xxl{font-size:59px}<\/style><h2 class=\"elementor-heading-title elementor-size-default\">PORT LOUIIS <\/br> LIQUEURS<\/h2>\t\t<\/div>\n\t\t\t\t<\/div>\n\t\t\t\t\t<\/div>\n\t\t<\/div>\n\t\t\t\t\t<\/div>\n\t\t<\/section>\n\t\t\t\t\t<\/div>\n\t\t<\/div>\n\t\t\t\t\t<\/div>\n\t\t<\/section>\n\t\t\t\t<section class=\"elementor-section elementor-top-section elementor-element elementor-element-4a91933 elementor-section-full_width elementor-section-stretched elementor-section-height-default elementor-section-height-default wd-section-disabled\" data-id=\"4a91933\" data-element_type=\"section\" id=\"pl_liqueurs_spice\" data-settings=\"{&quot;stretch_section&quot;:&quot;section-stretched&quot;}\">\n\t\t\t\t\t\t<div class=\"elementor-container elementor-column-gap-default\">\n\t\t\t\t\t<div class=\"elementor-column elementor-col-50 elementor-top-column elementor-element elementor-element-7a8b480\" data-id=\"7a8b480\" data-element_type=\"column\">\n\t\t\t<div class=\"elementor-widget-wrap elementor-element-populated\">\n\t\t\t\t\t\t<section class=\"elementor-section elementor-inner-section elementor-element elementor-element-93869d4 elementor-section-full_width elementor-section-height-default elementor-section-height-default wd-section-disabled\" data-id=\"93869d4\" data-element_type=\"section\" data-settings=\"{&quot;background_background&quot;:&quot;classic&quot;}\">\n\t\t\t\t\t\t<div class=\"elementor-container elementor-column-gap-default\">\n\t\t\t\t\t<div class=\"elementor-column elementor-col-50 elementor-inner-column elementor-element elementor-element-131983f portleft\" data-id=\"131983f\" data-element_type=\"column\">\n\t\t\t<div class=\"elementor-widget-wrap elementor-element-populated\">\n\t\t\t\t\t\t<div class=\"elementor-element elementor-element-f7bc6ce rumclassification elementor-widget elementor-widget-heading\" data-id=\"f7bc6ce\" data-element_type=\"widget\" data-widget_type=\"heading.default\">\n\t\t\t\t<div class=\"elementor-widget-container\">\n\t\t\t<h2 class=\"elementor-heading-title elementor-size-default\">Riche & Sirupeux<\/h2>\t\t<\/div>\n\t\t\t\t<\/div>\n\t\t\t\t<div class=\"elementor-element elementor-element-3ae19db elementor-widget elementor-widget-heading\" data-id=\"3ae19db\" data-element_type=\"widget\" data-widget_type=\"heading.default\">\n\t\t\t\t<div class=\"elementor-widget-container\">\n\t\t\t<h2 class=\"elementor-heading-title elementor-size-default\">Port Louiis <\/br>Premium Spice Liqueur<\/h2>\t\t<\/div>\n\t\t\t\t<\/div>\n\t\t\t\t<div class=\"elementor-element elementor-element-d788aa3 color-scheme-inherit text-left elementor-widget elementor-widget-text-editor\" data-id=\"d788aa3\" data-element_type=\"widget\" data-widget_type=\"text-editor.default\">\n\t\t\t\t<div class=\"elementor-widget-container\">\n\t\t\t<style>\/*! elementor - v3.19.0 - 29-01-2024 *\/\n.elementor-widget-text-editor.elementor-drop-cap-view-stacked .elementor-drop-cap{background-color:#69727d;color:#fff}.elementor-widget-text-editor.elementor-drop-cap-view-framed .elementor-drop-cap{color:#69727d;border:3px solid;background-color:transparent}.elementor-widget-text-editor:not(.elementor-drop-cap-view-default) .elementor-drop-cap{margin-top:8px}.elementor-widget-text-editor:not(.elementor-drop-cap-view-default) .elementor-drop-cap-letter{width:1em;height:1em}.elementor-widget-text-editor .elementor-drop-cap{float:left;text-align:center;line-height:1;font-size:50px}.elementor-widget-text-editor .elementor-drop-cap-letter{display:inline-block}<\/style>\t\t\t\t<p>Con\u00e7u comme un m\u00e9lange exceptionnel de liqueur d&#8217;\u00e9pices, ce m\u00e9lange associe harmonieusement un pot-pourri d&#8217;\u00e9pices aromatiques et de plantes botaniques soigneusement s\u00e9lectionn\u00e9es en provenance d&#8217;Asie et d&#8217;Afrique.<\/p><p>Id\u00e9al pour les amateurs avertis, il offre une exp\u00e9rience aromatique unique qui capture l&#8217;essence de la liqueur infus\u00e9e aux \u00e9pices.<\/p>\t\t\t\t\t\t<\/div>\n\t\t\t\t<\/div>\n\t\t\t\t\t<\/div>\n\t\t<\/div>\n\t\t\t\t<div class=\"elementor-column elementor-col-50 elementor-inner-column elementor-element elementor-element-41712b5\" data-id=\"41712b5\" data-element_type=\"column\">\n\t\t\t<div class=\"elementor-widget-wrap elementor-element-populated\">\n\t\t\t\t\t\t<div class=\"elementor-element elementor-element-cc3478b elementor-widget elementor-widget-image\" data-id=\"cc3478b\" data-element_type=\"widget\" data-widget_type=\"image.default\">\n\t\t\t\t<div class=\"elementor-widget-container\">\n\t\t\t<style>\/*! elementor - v3.19.0 - 29-01-2024 *\/\n.elementor-widget-image{text-align:center}.elementor-widget-image a{display:inline-block}.elementor-widget-image a img[src$=\".svg\"]{width:48px}.elementor-widget-image img{vertical-align:middle;display:inline-block}<\/style>\t\t\t\t\t\t\t\t\t\t<img fetchpriority=\"high\" decoding=\"async\" width=\"639\" height=\"817\" src=\"https:\/\/houseoflordslimited.com\/fr\/wp-content\/uploads\/sites\/2\/2024\/03\/port-louiis-1.webp\" class=\"attachment-full size-full wp-image-1051\" alt=\"\" srcset=\"https:\/\/houseoflordslimited.com\/fr\/wp-content\/uploads\/sites\/2\/2024\/03\/port-louiis-1.webp 639w, https:\/\/houseoflordslimited.com\/fr\/wp-content\/uploads\/sites\/2\/2024\/03\/port-louiis-1-235x300.webp 235w\" sizes=\"(max-width: 639px) 100vw, 639px\" \/>\t\t\t\t\t\t\t\t\t\t\t\t\t<\/div>\n\t\t\t\t<\/div>\n\t\t\t\t\t<\/div>\n\t\t<\/div>\n\t\t\t\t\t<\/div>\n\t\t<\/section>\n\t\t\t\t\t<\/div>\n\t\t<\/div>\n\t\t\t\t<div class=\"elementor-column elementor-col-50 elementor-top-column elementor-element elementor-element-4ffcdd8 portright\" data-id=\"4ffcdd8\" data-element_type=\"column\">\n\t\t\t<div class=\"elementor-widget-wrap elementor-element-populated\">\n\t\t\t\t\t\t<div class=\"elementor-element elementor-element-f26ab4e color-scheme-inherit text-left elementor-widget elementor-widget-text-editor\" data-id=\"f26ab4e\" data-element_type=\"widget\" data-widget_type=\"text-editor.default\">\n\t\t\t\t<div class=\"elementor-widget-container\">\n\t\t\t\t\t\t\t<p><strong><span style=\"color: #ff6600;\">Alcool \u2013<\/span><\/strong> 20% \/ VOL; 12 x 500 ml<\/p><p><strong><span style=\"color: #ff6600;\">Nez \u2013<\/span><\/strong> Ar\u00f4me sensuel, doux et \u00e9pic\u00e9<\/p><p><strong><span style=\"color: #ff6600;\">Go\u00fbt \u2013<\/span><\/strong> Saveur riche, douce et sucr\u00e9e avec un arri\u00e8re-go\u00fbt d&#8217;\u00e9pices prononc\u00e9.<\/p><p><strong><span style=\"color: #ff6600;\">Finition &#8211;<\/span><\/strong> Notes douces et \u00e9pic\u00e9es avec un alcool \u00e9quilibr\u00e9 en fin de bouche.<\/p><p><strong><span style=\"color: #ff6600;\"> Comment le d\u00e9guster \u00a0&#8211;<\/span><\/strong> \u00c0 d\u00e9guster de pr\u00e9f\u00e9rence \u00e0 15 \u00b0C<\/p><p>Appr\u00e9ciez-le en cocktail ou sur de la cr\u00e8me glac\u00e9e.<\/p>\t\t\t\t\t\t<\/div>\n\t\t\t\t<\/div>\n\t\t\t\t\t<\/div>\n\t\t<\/div>\n\t\t\t\t\t<\/div>\n\t\t<\/section>\n\t\t\t\t<section class=\"elementor-section elementor-top-section elementor-element elementor-element-0460352 elementor-section-full_width elementor-section-stretched elementor-section-height-default elementor-section-height-default wd-section-disabled\" data-id=\"0460352\" data-element_type=\"section\" id=\"pl_liqueurs_toffee\" data-settings=\"{&quot;stretch_section&quot;:&quot;section-stretched&quot;}\">\n\t\t\t\t\t\t<div class=\"elementor-container elementor-column-gap-default\">\n\t\t\t\t\t<div class=\"elementor-column elementor-col-50 elementor-top-column elementor-element elementor-element-d1f0ab6\" data-id=\"d1f0ab6\" data-element_type=\"column\">\n\t\t\t<div class=\"elementor-widget-wrap elementor-element-populated\">\n\t\t\t\t\t\t<section class=\"elementor-section elementor-inner-section elementor-element elementor-element-11e0ab8 elementor-section-full_width elementor-section-height-default elementor-section-height-default wd-section-disabled\" data-id=\"11e0ab8\" data-element_type=\"section\" data-settings=\"{&quot;background_background&quot;:&quot;classic&quot;}\">\n\t\t\t\t\t\t<div class=\"elementor-container elementor-column-gap-default\">\n\t\t\t\t\t<div class=\"elementor-column elementor-col-50 elementor-inner-column elementor-element elementor-element-8105208 portleft\" data-id=\"8105208\" data-element_type=\"column\">\n\t\t\t<div class=\"elementor-widget-wrap elementor-element-populated\">\n\t\t\t\t\t\t<div class=\"elementor-element elementor-element-959d6e0 rumclassification elementor-widget elementor-widget-heading\" data-id=\"959d6e0\" data-element_type=\"widget\" data-widget_type=\"heading.default\">\n\t\t\t\t<div class=\"elementor-widget-container\">\n\t\t\t<h2 class=\"elementor-heading-title elementor-size-default\">Riche & Sirupeux<\/h2>\t\t<\/div>\n\t\t\t\t<\/div>\n\t\t\t\t<div class=\"elementor-element elementor-element-2bb6fc7 elementor-widget elementor-widget-heading\" data-id=\"2bb6fc7\" data-element_type=\"widget\" data-widget_type=\"heading.default\">\n\t\t\t\t<div class=\"elementor-widget-container\">\n\t\t\t<h2 class=\"elementor-heading-title elementor-size-default\">Port Louiis<\/br> Toffee Liqueur<\/h2>\t\t<\/div>\n\t\t\t\t<\/div>\n\t\t\t\t<div class=\"elementor-element elementor-element-5e559dc color-scheme-inherit text-left elementor-widget elementor-widget-text-editor\" data-id=\"5e559dc\" data-element_type=\"widget\" data-widget_type=\"text-editor.default\">\n\t\t\t\t<div class=\"elementor-widget-container\">\n\t\t\t\t\t\t\t<p>Ce m\u00e9lange gourmand est infus\u00e9 avec de l&#8217;extrait de caramel anglais et de l&#8217;alcool de rhum \u00e0 base de m\u00e9lasse de qualit\u00e9 internationale.<\/p><p>C&#8217;est le choix id\u00e9al pour les jeunes consommateurs \u00e0 la recherche d&#8217;une boisson innovante et fra\u00eeche \u00e0 base de caramel et d&#8217;alcool.<\/p>\t\t\t\t\t\t<\/div>\n\t\t\t\t<\/div>\n\t\t\t\t\t<\/div>\n\t\t<\/div>\n\t\t\t\t<div class=\"elementor-column elementor-col-50 elementor-inner-column elementor-element elementor-element-0ccf56f\" data-id=\"0ccf56f\" data-element_type=\"column\">\n\t\t\t<div class=\"elementor-widget-wrap elementor-element-populated\">\n\t\t\t\t\t\t<div class=\"elementor-element elementor-element-1fcb0a9 elementor-widget__width-initial elementor-widget elementor-widget-image\" data-id=\"1fcb0a9\" data-element_type=\"widget\" data-widget_type=\"image.default\">\n\t\t\t\t<div class=\"elementor-widget-container\">\n\t\t\t\t\t\t\t\t\t\t\t\t\t<img decoding=\"async\" width=\"639\" height=\"817\" src=\"https:\/\/houseoflordslimited.com\/fr\/wp-content\/uploads\/sites\/2\/2024\/03\/senetors-2.webp\" class=\"attachment-full size-full wp-image-1050\" alt=\"\" srcset=\"https:\/\/houseoflordslimited.com\/fr\/wp-content\/uploads\/sites\/2\/2024\/03\/senetors-2.webp 639w, https:\/\/houseoflordslimited.com\/fr\/wp-content\/uploads\/sites\/2\/2024\/03\/senetors-2-235x300.webp 235w\" sizes=\"(max-width: 639px) 100vw, 639px\" \/>\t\t\t\t\t\t\t\t\t\t\t\t\t<\/div>\n\t\t\t\t<\/div>\n\t\t\t\t\t<\/div>\n\t\t<\/div>\n\t\t\t\t\t<\/div>\n\t\t<\/section>\n\t\t\t\t\t<\/div>\n\t\t<\/div>\n\t\t\t\t<div class=\"elementor-column elementor-col-50 elementor-top-column elementor-element elementor-element-4e022ab portright\" data-id=\"4e022ab\" data-element_type=\"column\">\n\t\t\t<div class=\"elementor-widget-wrap elementor-element-populated\">\n\t\t\t\t\t\t<div class=\"elementor-element elementor-element-41b5c56 color-scheme-inherit text-left elementor-widget elementor-widget-text-editor\" data-id=\"41b5c56\" data-element_type=\"widget\" data-widget_type=\"text-editor.default\">\n\t\t\t\t<div class=\"elementor-widget-container\">\n\t\t\t\t\t\t\t<p><span style=\"color: #ff8800;\"><strong>Alcool\u00a0\u2013<\/strong><\/span> 30% \/ VOL; 12 x 750 ML, 24 x 200 ML\u00a0<\/p><p><span style=\"color: #ff8800;\"><strong>Nez\u2013<\/strong><\/span> Caramel et chocolat exquis<\/p><p><span style=\"color: #ff8800;\"><strong>Go\u00fbt \u2013<\/strong><\/span> Riche, doux et sucr\u00e9 avec un arri\u00e8re-go\u00fbt prononc\u00e9 de caramel.<\/p><p><span style=\"color: #ff8800;\"><strong>Finition \u2013<\/strong><\/span> Go\u00fbt sucr\u00e9 de caramel et chocolat anglais perdurant\u00a0<\/p><p><span style=\"color: #ff8800;\"><strong>Comment le d\u00e9guster \u2013<\/strong><\/span> \u00c0 consommer de pr\u00e9f\u00e9rence \u00e0 15 \u00b0C et \u00e0 utiliser comme accompagnement avec vos glaces.<\/p><p>Savourez-le dans votre cocktail pr\u00e9f\u00e9r\u00e9.<\/p>\t\t\t\t\t\t<\/div>\n\t\t\t\t<\/div>\n\t\t\t\t\t<\/div>\n\t\t<\/div>\n\t\t\t\t\t<\/div>\n\t\t<\/section>\n\t\t\t\t<section class=\"elementor-section elementor-top-section elementor-element elementor-element-916188b elementor-section-full_width elementor-section-stretched elementor-section-height-default elementor-section-height-default wd-section-disabled\" data-id=\"916188b\" data-element_type=\"section\" id=\"pl_liqueurs_coffee\" data-settings=\"{&quot;stretch_section&quot;:&quot;section-stretched&quot;}\">\n\t\t\t\t\t\t<div class=\"elementor-container elementor-column-gap-default\">\n\t\t\t\t\t<div class=\"elementor-column elementor-col-50 elementor-top-column elementor-element elementor-element-3cf8224\" data-id=\"3cf8224\" data-element_type=\"column\">\n\t\t\t<div class=\"elementor-widget-wrap elementor-element-populated\">\n\t\t\t\t\t\t<section class=\"elementor-section elementor-inner-section elementor-element elementor-element-1c1bb96 elementor-section-full_width elementor-section-height-default elementor-section-height-default wd-section-disabled\" data-id=\"1c1bb96\" data-element_type=\"section\" data-settings=\"{&quot;background_background&quot;:&quot;classic&quot;}\">\n\t\t\t\t\t\t<div class=\"elementor-container elementor-column-gap-default\">\n\t\t\t\t\t<div class=\"elementor-column elementor-col-50 elementor-inner-column elementor-element elementor-element-6859e69 portleft\" data-id=\"6859e69\" data-element_type=\"column\">\n\t\t\t<div class=\"elementor-widget-wrap elementor-element-populated\">\n\t\t\t\t\t\t<div class=\"elementor-element elementor-element-9dbc03d rumclassification elementor-widget elementor-widget-heading\" data-id=\"9dbc03d\" data-element_type=\"widget\" data-widget_type=\"heading.default\">\n\t\t\t\t<div class=\"elementor-widget-container\">\n\t\t\t<h2 class=\"elementor-heading-title elementor-size-default\">Riche & Sirupeux<\/h2>\t\t<\/div>\n\t\t\t\t<\/div>\n\t\t\t\t<div class=\"elementor-element elementor-element-08f4b1f elementor-widget elementor-widget-heading\" data-id=\"08f4b1f\" data-element_type=\"widget\" data-widget_type=\"heading.default\">\n\t\t\t\t<div class=\"elementor-widget-container\">\n\t\t\t<h2 class=\"elementor-heading-title elementor-size-default\">Port Louiis<\/br> Premium Coffee Liqueur<\/h2>\t\t<\/div>\n\t\t\t\t<\/div>\n\t\t\t\t<div class=\"elementor-element elementor-element-050b052 color-scheme-inherit text-left elementor-widget elementor-widget-text-editor\" data-id=\"050b052\" data-element_type=\"widget\" data-widget_type=\"text-editor.default\">\n\t\t\t\t<div class=\"elementor-widget-container\">\n\t\t\t\t\t\t\t<p>Un m\u00e9lange unique d&#8217;alcool de rhum mauricien, infus\u00e9 avec de l&#8217;extrait de grains de caf\u00e9 torr\u00e9fi\u00e9s du sud de l&#8217;Inde et de rhum \u00e0 base de m\u00e9lasse de qualit\u00e9 internationale.<\/p><p>Id\u00e9al pour les jeunes consommateurs avis\u00e9s \u00e0 la recherche d&#8217;une touche innovante et fra\u00eeche de caf\u00e9 avec de l&#8217;alcool.<\/p>\t\t\t\t\t\t<\/div>\n\t\t\t\t<\/div>\n\t\t\t\t\t<\/div>\n\t\t<\/div>\n\t\t\t\t<div class=\"elementor-column elementor-col-50 elementor-inner-column elementor-element elementor-element-2b2f084\" data-id=\"2b2f084\" data-element_type=\"column\">\n\t\t\t<div class=\"elementor-widget-wrap elementor-element-populated\">\n\t\t\t\t\t\t<div class=\"elementor-element elementor-element-cf4361c elementor-widget elementor-widget-image\" data-id=\"cf4361c\" data-element_type=\"widget\" data-widget_type=\"image.default\">\n\t\t\t\t<div class=\"elementor-widget-container\">\n\t\t\t\t\t\t\t\t\t\t\t\t\t<img decoding=\"async\" width=\"639\" height=\"817\" src=\"https:\/\/houseoflordslimited.com\/fr\/wp-content\/uploads\/sites\/2\/2024\/03\/senetors-3.webp\" class=\"attachment-full size-full wp-image-1049\" alt=\"\" srcset=\"https:\/\/houseoflordslimited.com\/fr\/wp-content\/uploads\/sites\/2\/2024\/03\/senetors-3.webp 639w, https:\/\/houseoflordslimited.com\/fr\/wp-content\/uploads\/sites\/2\/2024\/03\/senetors-3-235x300.webp 235w\" sizes=\"(max-width: 639px) 100vw, 639px\" \/>\t\t\t\t\t\t\t\t\t\t\t\t\t<\/div>\n\t\t\t\t<\/div>\n\t\t\t\t\t<\/div>\n\t\t<\/div>\n\t\t\t\t\t<\/div>\n\t\t<\/section>\n\t\t\t\t\t<\/div>\n\t\t<\/div>\n\t\t\t\t<div class=\"elementor-column elementor-col-50 elementor-top-column elementor-element elementor-element-841294c portright\" data-id=\"841294c\" data-element_type=\"column\">\n\t\t\t<div class=\"elementor-widget-wrap elementor-element-populated\">\n\t\t\t\t\t\t<div class=\"elementor-element elementor-element-47e0141 color-scheme-inherit text-left elementor-widget elementor-widget-text-editor\" data-id=\"47e0141\" data-element_type=\"widget\" data-widget_type=\"text-editor.default\">\n\t\t\t\t<div class=\"elementor-widget-container\">\n\t\t\t\t\t\t\t<p><strong><span style=\"color: #ff6600;\">Alcool\u2013<\/span><\/strong> 20% \/ VOL; 12 x 500 ml<\/p><p><strong><span style=\"color: #ff6600;\">Nez \u2013<\/span><\/strong> \u00a0Ar\u00f4me intense de grains de caf\u00e9 torr\u00e9fi\u00e9s<\/p><p><strong><span style=\"color: #ff6600;\">Go\u00fbt\u00a0 \u2013<\/span><\/strong> Saveur riche, douce et sucr\u00e9e avec un arri\u00e8re-go\u00fbt prolong\u00e9 de grains de caf\u00e9 torr\u00e9fi\u00e9s.<\/p><p><strong><span style=\"color: #ff6600;\">Finition \u2013<\/span><\/strong> Douceur des grains de caf\u00e9 torr\u00e9fi\u00e9s avec un fini chocolat\u00e9 en bouche.<\/p><p><strong><span style=\"color: #ff6600;\">Comment le d\u00e9guster \u2013<\/span><\/strong> \u00c0 d\u00e9guster de pr\u00e9f\u00e9rence \u00e0 15 \u00b0C<\/p><p>Appr\u00e9ciez-le sur une glace ou dans votre cocktail pr\u00e9f\u00e9r\u00e9<\/p><p>Savourez-le dans votre caf\u00e9 noir<\/p>\t\t\t\t\t\t<\/div>\n\t\t\t\t<\/div>\n\t\t\t\t\t<\/div>\n\t\t<\/div>\n\t\t\t\t\t<\/div>\n\t\t<\/section>\n\t\t\t\t<\/div>\n\t\t","protected":false},"excerpt":{"rendered":"<p>PORT LOUIIS LIQUEURS Riche &#038; Sirupeux Port Louiis Premium Spice Liqueur Con\u00e7u comme un m\u00e9lange exceptionnel de liqueur d&#8217;\u00e9pices, ce<\/p>\n","protected":false},"author":1,"featured_media":0,"parent":0,"menu_order":0,"comment_status":"closed","ping_status":"closed","template":"","meta":{"footnotes":""},"_links":{"self":[{"href":"https:\/\/houseoflordslimited.com\/fr\/wp-json\/wp\/v2\/pages\/1458"}],"collection":[{"href":"https:\/\/houseoflordslimited.com\/fr\/wp-json\/wp\/v2\/pages"}],"about":[{"href":"https:\/\/houseoflordslimited.com\/fr\/wp-json\/wp\/v2\/types\/page"}],"author":[{"embeddable":true,"href":"https:\/\/houseoflordslimited.com\/fr\/wp-json\/wp\/v2\/users\/1"}],"replies":[{"embeddable":true,"href":"https:\/\/houseoflordslimited.com\/fr\/wp-json\/wp\/v2\/comments?post=1458"}],"version-history":[{"count":16,"href":"https:\/\/houseoflordslimited.com\/fr\/wp-json\/wp\/v2\/pages\/1458\/revisions"}],"predecessor-version":[{"id":1782,"href":"https:\/\/houseoflordslimited.com\/fr\/wp-json\/wp\/v2\/pages\/1458\/revisions\/1782"}],"wp:attachment":[{"href":"https:\/\/houseoflordslimited.com\/fr\/wp-json\/wp\/v2\/media?parent=1458"}],"curies":[{"name":"wp","href":"https:\/\/api.w.org\/{rel}","templated":true}]}}