{"id":1442,"date":"2024-04-06T09:11:34","date_gmt":"2024-04-06T09:11:34","guid":{"rendered":"https:\/\/houseoflordslimited.com\/fr\/?page_id=1442"},"modified":"2024-05-23T07:53:37","modified_gmt":"2024-05-23T07:53:37","slug":"deluxe-rhum","status":"publish","type":"page","link":"https:\/\/houseoflordslimited.com\/fr\/deluxe-rhum\/","title":{"rendered":"DELUXE RHUM"},"content":{"rendered":"\t\t<div data-elementor-type=\"wp-page\" data-elementor-id=\"1442\" class=\"elementor elementor-1442\" data-elementor-post-type=\"page\">\n\t\t\t\t\t\t<section class=\"elementor-section elementor-top-section elementor-element elementor-element-863806a elementor-section-full_width elementor-section-height-min-height elementor-section-stretched elementor-section-height-default elementor-section-items-middle wd-section-disabled\" data-id=\"863806a\" data-element_type=\"section\" data-settings=\"{&quot;stretch_section&quot;:&quot;section-stretched&quot;,&quot;background_background&quot;:&quot;classic&quot;}\">\n\t\t\t\t\t\t<div class=\"elementor-container elementor-column-gap-default\">\n\t\t\t\t\t<div class=\"elementor-column elementor-col-100 elementor-top-column elementor-element elementor-element-8886f07\" data-id=\"8886f07\" data-element_type=\"column\">\n\t\t\t<div class=\"elementor-widget-wrap elementor-element-populated\">\n\t\t\t\t\t\t<section class=\"wd-negative-gap elementor-section elementor-inner-section elementor-element elementor-element-4adc708 elementor-section-boxed elementor-section-height-default elementor-section-height-default wd-section-disabled\" data-id=\"4adc708\" data-element_type=\"section\">\n\t\t\t\t\t\t<div class=\"elementor-container elementor-column-gap-default\">\n\t\t\t\t\t<div class=\"elementor-column elementor-col-100 elementor-inner-column elementor-element elementor-element-5317fd2\" data-id=\"5317fd2\" data-element_type=\"column\">\n\t\t\t<div class=\"elementor-widget-wrap elementor-element-populated\">\n\t\t\t\t\t\t<div class=\"elementor-element elementor-element-ed5ef5e elementor-widget elementor-widget-heading\" data-id=\"ed5ef5e\" data-element_type=\"widget\" data-widget_type=\"heading.default\">\n\t\t\t\t<div class=\"elementor-widget-container\">\n\t\t\t<style>\/*! elementor - v3.19.0 - 29-01-2024 *\/\n.elementor-heading-title{padding:0;margin:0;line-height:1}.elementor-widget-heading .elementor-heading-title[class*=elementor-size-]>a{color:inherit;font-size:inherit;line-height:inherit}.elementor-widget-heading .elementor-heading-title.elementor-size-small{font-size:15px}.elementor-widget-heading .elementor-heading-title.elementor-size-medium{font-size:19px}.elementor-widget-heading .elementor-heading-title.elementor-size-large{font-size:29px}.elementor-widget-heading .elementor-heading-title.elementor-size-xl{font-size:39px}.elementor-widget-heading .elementor-heading-title.elementor-size-xxl{font-size:59px}<\/style><h2 class=\"elementor-heading-title elementor-size-default\">PORT LOUIIS<\/h2>\t\t<\/div>\n\t\t\t\t<\/div>\n\t\t\t\t\t<\/div>\n\t\t<\/div>\n\t\t\t\t\t<\/div>\n\t\t<\/section>\n\t\t\t\t\t<\/div>\n\t\t<\/div>\n\t\t\t\t\t<\/div>\n\t\t<\/section>\n\t\t\t\t<section class=\"elementor-section elementor-top-section elementor-element elementor-element-98daf1b elementor-section-full_width elementor-section-stretched elementor-section-height-default elementor-section-height-default wd-section-disabled\" data-id=\"98daf1b\" data-element_type=\"section\" id=\"portlouiis_vanilla_rum\" data-settings=\"{&quot;stretch_section&quot;:&quot;section-stretched&quot;}\">\n\t\t\t\t\t\t<div class=\"elementor-container elementor-column-gap-default\">\n\t\t\t\t\t<div class=\"elementor-column elementor-col-50 elementor-top-column elementor-element elementor-element-7ef7b29\" data-id=\"7ef7b29\" data-element_type=\"column\">\n\t\t\t<div class=\"elementor-widget-wrap elementor-element-populated\">\n\t\t\t\t\t\t<section class=\"elementor-section elementor-inner-section elementor-element elementor-element-cf25f05 elementor-section-full_width elementor-section-height-default elementor-section-height-default wd-section-disabled\" data-id=\"cf25f05\" data-element_type=\"section\" data-settings=\"{&quot;background_background&quot;:&quot;classic&quot;}\">\n\t\t\t\t\t\t<div class=\"elementor-container elementor-column-gap-default\">\n\t\t\t\t\t<div class=\"elementor-column elementor-col-50 elementor-inner-column elementor-element elementor-element-b12e6e0 portleft\" data-id=\"b12e6e0\" data-element_type=\"column\">\n\t\t\t<div class=\"elementor-widget-wrap elementor-element-populated\">\n\t\t\t\t\t\t<div class=\"elementor-element elementor-element-5d56464 rumclassification elementor-widget elementor-widget-heading\" data-id=\"5d56464\" data-element_type=\"widget\" data-widget_type=\"heading.default\">\n\t\t\t\t<div class=\"elementor-widget-container\">\n\t\t\t<h2 class=\"elementor-heading-title elementor-size-default\">Tropical & Fruit\u00e9<\/h2>\t\t<\/div>\n\t\t\t\t<\/div>\n\t\t\t\t<div class=\"elementor-element elementor-element-a95a1e8 elementor-widget elementor-widget-heading\" data-id=\"a95a1e8\" data-element_type=\"widget\" data-widget_type=\"heading.default\">\n\t\t\t\t<div class=\"elementor-widget-container\">\n\t\t\t<h2 class=\"elementor-heading-title elementor-size-default\">Port Louiis Mauritian Deluxe Vanilla Rum<\/h2>\t\t<\/div>\n\t\t\t\t<\/div>\n\t\t\t\t<div class=\"elementor-element elementor-element-96b97ec color-scheme-inherit text-left elementor-widget elementor-widget-text-editor\" data-id=\"96b97ec\" data-element_type=\"widget\" data-widget_type=\"text-editor.default\">\n\t\t\t\t<div class=\"elementor-widget-container\">\n\t\t\t<style>\/*! elementor - v3.19.0 - 29-01-2024 *\/\n.elementor-widget-text-editor.elementor-drop-cap-view-stacked .elementor-drop-cap{background-color:#69727d;color:#fff}.elementor-widget-text-editor.elementor-drop-cap-view-framed .elementor-drop-cap{color:#69727d;border:3px solid;background-color:transparent}.elementor-widget-text-editor:not(.elementor-drop-cap-view-default) .elementor-drop-cap{margin-top:8px}.elementor-widget-text-editor:not(.elementor-drop-cap-view-default) .elementor-drop-cap-letter{width:1em;height:1em}.elementor-widget-text-editor .elementor-drop-cap{float:left;text-align:center;line-height:1;font-size:50px}.elementor-widget-text-editor .elementor-drop-cap-letter{display:inline-block}<\/style>\t\t\t\t<p>Un m\u00e9lange distinctif et savoureux, \u00e9labor\u00e9 \u00e0 partir des spiritueux les plus raffin\u00e9s du rhum mauricien, m\u00fbri dans de vieux f\u00fbts de ch\u00eane soigneusement s\u00e9lectionn\u00e9s pour obtenir un go\u00fbt unique.<\/p><p>Enrichi de la c\u00e9l\u00e8bre vanille de Madagascar, r\u00e9put\u00e9e pour sa saveur riche et aromatique, ce rhum cors\u00e9 offre une exp\u00e9rience tropicale authentique qui associe les saveurs de Madagascar et de l&#8217;\u00eele Maurice.<\/p>\t\t\t\t\t\t<\/div>\n\t\t\t\t<\/div>\n\t\t\t\t\t<\/div>\n\t\t<\/div>\n\t\t\t\t<div class=\"elementor-column elementor-col-50 elementor-inner-column elementor-element elementor-element-1808ea4\" data-id=\"1808ea4\" data-element_type=\"column\">\n\t\t\t<div class=\"elementor-widget-wrap elementor-element-populated\">\n\t\t\t\t\t\t<div class=\"elementor-element elementor-element-b232b27 elementor-widget__width-initial elementor-widget elementor-widget-image\" data-id=\"b232b27\" data-element_type=\"widget\" data-widget_type=\"image.default\">\n\t\t\t\t<div class=\"elementor-widget-container\">\n\t\t\t<style>\/*! elementor - v3.19.0 - 29-01-2024 *\/\n.elementor-widget-image{text-align:center}.elementor-widget-image a{display:inline-block}.elementor-widget-image a img[src$=\".svg\"]{width:48px}.elementor-widget-image img{vertical-align:middle;display:inline-block}<\/style>\t\t\t\t\t\t\t\t\t\t<img fetchpriority=\"high\" decoding=\"async\" width=\"867\" height=\"817\" src=\"https:\/\/houseoflordslimited.com\/fr\/wp-content\/uploads\/sites\/2\/2024\/03\/Group-726.png\" class=\"attachment-full size-full wp-image-1040\" alt=\"\" srcset=\"https:\/\/houseoflordslimited.com\/fr\/wp-content\/uploads\/sites\/2\/2024\/03\/Group-726.png 867w, https:\/\/houseoflordslimited.com\/fr\/wp-content\/uploads\/sites\/2\/2024\/03\/Group-726-300x283.png 300w, https:\/\/houseoflordslimited.com\/fr\/wp-content\/uploads\/sites\/2\/2024\/03\/Group-726-768x724.png 768w\" sizes=\"(max-width: 867px) 100vw, 867px\" \/>\t\t\t\t\t\t\t\t\t\t\t\t\t<\/div>\n\t\t\t\t<\/div>\n\t\t\t\t\t<\/div>\n\t\t<\/div>\n\t\t\t\t\t<\/div>\n\t\t<\/section>\n\t\t\t\t\t<\/div>\n\t\t<\/div>\n\t\t\t\t<div class=\"elementor-column elementor-col-50 elementor-top-column elementor-element elementor-element-d9a36ee portright\" data-id=\"d9a36ee\" data-element_type=\"column\">\n\t\t\t<div class=\"elementor-widget-wrap elementor-element-populated\">\n\t\t\t\t\t\t<div class=\"elementor-element elementor-element-0627ded color-scheme-inherit text-left elementor-widget elementor-widget-text-editor\" data-id=\"0627ded\" data-element_type=\"widget\" data-widget_type=\"text-editor.default\">\n\t\t\t\t<div class=\"elementor-widget-container\">\n\t\t\t\t\t\t\t<p><strong><span style=\"color: #ff8800;\">Alcool \u2013<\/span><\/strong> 40% \/ VOL; 6 x 700 ml, 6 x 500 ml<\/p><p><strong><span style=\"color: #ff8800;\">Nez \u2013<\/span><\/strong> Fort, riche et bien m\u00fbr, avec des notes de vanille et de malt.<\/p><p><strong><span style=\"color: #ff8800;\">Go\u00fbt \u2013<\/span><\/strong> Cors\u00e9, bois\u00e9, malt\u00e9, avec un go\u00fbt de vanille persistant en bouche.<\/p><p><strong><span style=\"color: #ff8800;\">Comment le d\u00e9guster \u2013<\/span><\/strong><\/p><div><div class=\"defaultBlock-3WQYo\"><div class=\"rah-static rah-static--height-auto\" aria-hidden=\"false\"><div><div class=\"defaultBlock-3WQYo\"><div class=\"contentRect-aVg9o copyableElem-3MDgL fontCopyableElemTab-2p2c_\" tabindex=\"0\" data-auto=\"contentRect\" data-copytype=\"Content\" data-logtype=\"content\" data-fontinfo=\"Brave Sans\"><p class=\"content-1ObEW\" data-auto=\"textContent\">\u00c0 consommer de pr\u00e9f\u00e9rence avec des gla\u00e7ons ou avec un mixeur de votre choix comme le soda.<\/p><p class=\"content-1ObEW\" data-auto=\"textContent\">Un tiers de rhum, un tiers de soda et un tiers d&#8217;eau donnent les meilleurs r\u00e9sultats et \u00e9vitent la d\u00e9shydratation.<\/p><p class=\"content-1ObEW\" data-auto=\"textContent\"><em> Disponible en coffret<\/em><\/p><\/div><\/div><\/div><\/div><\/div><\/div>\t\t\t\t\t\t<\/div>\n\t\t\t\t<\/div>\n\t\t\t\t\t<\/div>\n\t\t<\/div>\n\t\t\t\t\t<\/div>\n\t\t<\/section>\n\t\t\t\t<section class=\"elementor-section elementor-top-section elementor-element elementor-element-a8c6957 elementor-section-full_width elementor-section-stretched elementor-section-height-default elementor-section-height-default wd-section-disabled\" data-id=\"a8c6957\" data-element_type=\"section\" id=\"portlouiis_spice_rum\" data-settings=\"{&quot;stretch_section&quot;:&quot;section-stretched&quot;}\">\n\t\t\t\t\t\t<div class=\"elementor-container elementor-column-gap-default\">\n\t\t\t\t\t<div class=\"elementor-column elementor-col-50 elementor-top-column elementor-element elementor-element-a2abc43\" data-id=\"a2abc43\" data-element_type=\"column\">\n\t\t\t<div class=\"elementor-widget-wrap elementor-element-populated\">\n\t\t\t\t\t\t<section class=\"elementor-section elementor-inner-section elementor-element elementor-element-5e0cf4a elementor-section-full_width elementor-section-height-default elementor-section-height-default wd-section-disabled\" data-id=\"5e0cf4a\" data-element_type=\"section\" data-settings=\"{&quot;background_background&quot;:&quot;classic&quot;}\">\n\t\t\t\t\t\t<div class=\"elementor-container elementor-column-gap-default\">\n\t\t\t\t\t<div class=\"elementor-column elementor-col-50 elementor-inner-column elementor-element elementor-element-eddbc42 portleft\" data-id=\"eddbc42\" data-element_type=\"column\">\n\t\t\t<div class=\"elementor-widget-wrap elementor-element-populated\">\n\t\t\t\t\t\t<div class=\"elementor-element elementor-element-0626ad6 rumclassification elementor-widget elementor-widget-heading\" data-id=\"0626ad6\" data-element_type=\"widget\" data-widget_type=\"heading.default\">\n\t\t\t\t<div class=\"elementor-widget-container\">\n\t\t\t<h2 class=\"elementor-heading-title elementor-size-default\">Sec & \u00c9pic\u00e9<\/h2>\t\t<\/div>\n\t\t\t\t<\/div>\n\t\t\t\t<div class=\"elementor-element elementor-element-c7232a5 elementor-widget elementor-widget-heading\" data-id=\"c7232a5\" data-element_type=\"widget\" data-widget_type=\"heading.default\">\n\t\t\t\t<div class=\"elementor-widget-container\">\n\t\t\t<h2 class=\"elementor-heading-title elementor-size-default\">Port Louiis Mauritian Deluxe Spice Rum<\/h2>\t\t<\/div>\n\t\t\t\t<\/div>\n\t\t\t\t<div class=\"elementor-element elementor-element-e7ecd04 color-scheme-inherit text-left elementor-widget elementor-widget-text-editor\" data-id=\"e7ecd04\" data-element_type=\"widget\" data-widget_type=\"text-editor.default\">\n\t\t\t\t<div class=\"elementor-widget-container\">\n\t\t\t\t\t\t\t<p>Un m\u00e9lange unique de rhum mauricien m\u00fbr, infus\u00e9 avec des \u00e9pices asiatiques naturelles du sud de l&#8217;Inde avec des extraits maison et des alcools de rhum \u00e0 base de molasse de renomm\u00e9e internationale.<\/p><p>Id\u00e9al pour les jeunes consommateurs exigeants \u00e0 la recherche d&#8217;un m\u00e9lange innovant et l\u00e9ger d&#8217;\u00e9pices et d&#8217;alcool malt\u00e9.<\/p>\t\t\t\t\t\t<\/div>\n\t\t\t\t<\/div>\n\t\t\t\t\t<\/div>\n\t\t<\/div>\n\t\t\t\t<div class=\"elementor-column elementor-col-50 elementor-inner-column elementor-element elementor-element-dcab63f\" data-id=\"dcab63f\" data-element_type=\"column\">\n\t\t\t<div class=\"elementor-widget-wrap elementor-element-populated\">\n\t\t\t\t\t\t<div class=\"elementor-element elementor-element-17e1345 elementor-widget__width-initial elementor-widget elementor-widget-image\" data-id=\"17e1345\" data-element_type=\"widget\" data-widget_type=\"image.default\">\n\t\t\t\t<div class=\"elementor-widget-container\">\n\t\t\t\t\t\t\t\t\t\t\t\t\t<img decoding=\"async\" width=\"867\" height=\"817\" src=\"https:\/\/houseoflordslimited.com\/fr\/wp-content\/uploads\/sites\/2\/2024\/03\/Group-727.png\" class=\"attachment-full size-full wp-image-1044\" alt=\"\" srcset=\"https:\/\/houseoflordslimited.com\/fr\/wp-content\/uploads\/sites\/2\/2024\/03\/Group-727.png 867w, https:\/\/houseoflordslimited.com\/fr\/wp-content\/uploads\/sites\/2\/2024\/03\/Group-727-300x283.png 300w, https:\/\/houseoflordslimited.com\/fr\/wp-content\/uploads\/sites\/2\/2024\/03\/Group-727-768x724.png 768w\" sizes=\"(max-width: 867px) 100vw, 867px\" \/>\t\t\t\t\t\t\t\t\t\t\t\t\t<\/div>\n\t\t\t\t<\/div>\n\t\t\t\t\t<\/div>\n\t\t<\/div>\n\t\t\t\t\t<\/div>\n\t\t<\/section>\n\t\t\t\t\t<\/div>\n\t\t<\/div>\n\t\t\t\t<div class=\"elementor-column elementor-col-50 elementor-top-column elementor-element elementor-element-47c0471 portright\" data-id=\"47c0471\" data-element_type=\"column\">\n\t\t\t<div class=\"elementor-widget-wrap elementor-element-populated\">\n\t\t\t\t\t\t<div class=\"elementor-element elementor-element-11d2ec8 elementor-widget__width-initial color-scheme-inherit text-left elementor-widget elementor-widget-text-editor\" data-id=\"11d2ec8\" data-element_type=\"widget\" data-widget_type=\"text-editor.default\">\n\t\t\t\t<div class=\"elementor-widget-container\">\n\t\t\t\t\t\t\t<p><strong><span style=\"color: #ff6600;\">Alcool \u2013<\/span><\/strong> 40% \/ VOL; 6 x 700 ml, 6 x 500 ml<\/p><p><strong><span style=\"color: #ff6600;\">Nez \u2013<\/span><\/strong> Ar\u00f4me intense et percutant d&#8217;\u00e9pices et de malt<\/p><p><strong><span style=\"color: #ff6600;\">Go\u00fbt\u2013<\/span><\/strong> Riche et doux avec un arri\u00e8re-go\u00fbt persistant d&#8217;\u00e9pices. Bouquet sp\u00e9cial d&#8217;\u00e9pices asiatiques contenant notamment de la cannelle, du clou de girofle et du poivre.<\/p><p><strong><span style=\"color: #ff6600;\">Comment le d\u00e9guster\u00a0 \u2013<\/span><\/strong> D\u00e9gustez-le avec votre cocktail pr\u00e9f\u00e9r\u00e9<\/p><p>Un tiers de rhum, un tiers de soda et un tiers d&#8217;eau donnent les meilleurs r\u00e9sultats et \u00e9vitent la d\u00e9shydratation.<\/p><p><em> Disponible en coffret<\/em><\/p>\t\t\t\t\t\t<\/div>\n\t\t\t\t<\/div>\n\t\t\t\t\t<\/div>\n\t\t<\/div>\n\t\t\t\t\t<\/div>\n\t\t<\/section>\n\t\t\t\t<section class=\"elementor-section elementor-top-section elementor-element elementor-element-3846bcd elementor-section-full_width elementor-section-stretched portlouiis_cafe_rum elementor-section-height-default elementor-section-height-default wd-section-disabled\" data-id=\"3846bcd\" data-element_type=\"section\" data-settings=\"{&quot;stretch_section&quot;:&quot;section-stretched&quot;}\">\n\t\t\t\t\t\t<div class=\"elementor-container elementor-column-gap-default\">\n\t\t\t\t\t<div class=\"elementor-column elementor-col-50 elementor-top-column elementor-element elementor-element-034aecf\" data-id=\"034aecf\" data-element_type=\"column\">\n\t\t\t<div class=\"elementor-widget-wrap elementor-element-populated\">\n\t\t\t\t\t\t<section class=\"elementor-section elementor-inner-section elementor-element elementor-element-0d892c6 elementor-section-full_width elementor-section-height-default elementor-section-height-default wd-section-disabled\" data-id=\"0d892c6\" data-element_type=\"section\" data-settings=\"{&quot;background_background&quot;:&quot;classic&quot;}\">\n\t\t\t\t\t\t<div class=\"elementor-container elementor-column-gap-default\">\n\t\t\t\t\t<div class=\"elementor-column elementor-col-50 elementor-inner-column elementor-element elementor-element-f3ea2bf portleft\" data-id=\"f3ea2bf\" data-element_type=\"column\">\n\t\t\t<div class=\"elementor-widget-wrap elementor-element-populated\">\n\t\t\t\t\t\t<div class=\"elementor-element elementor-element-a9ddd6a rumclassification elementor-widget elementor-widget-heading\" data-id=\"a9ddd6a\" data-element_type=\"widget\" data-widget_type=\"heading.default\">\n\t\t\t\t<div class=\"elementor-widget-container\">\n\t\t\t<h2 class=\"elementor-heading-title elementor-size-default\">Riche & Sirupeux<\/h2>\t\t<\/div>\n\t\t\t\t<\/div>\n\t\t\t\t<div class=\"elementor-element elementor-element-8f9971a elementor-widget elementor-widget-heading\" data-id=\"8f9971a\" data-element_type=\"widget\" data-widget_type=\"heading.default\">\n\t\t\t\t<div class=\"elementor-widget-container\">\n\t\t\t<h2 class=\"elementor-heading-title elementor-size-default\">Port Louis Mauritian Deluxe Caf\u00e9 Rum<\/h2>\t\t<\/div>\n\t\t\t\t<\/div>\n\t\t\t\t<div class=\"elementor-element elementor-element-70f054a color-scheme-inherit text-left elementor-widget elementor-widget-text-editor\" data-id=\"70f054a\" data-element_type=\"widget\" data-widget_type=\"text-editor.default\">\n\t\t\t\t<div class=\"elementor-widget-container\">\n\t\t\t\t\t\t\t<p>Ce m\u00e9lange savoureux \u00e9veille les sens. Fabriqu\u00e9 \u00e0 partir de grains de caf\u00e9 l\u00e9g\u00e8rement torr\u00e9fi\u00e9s, soigneusement s\u00e9lectionn\u00e9s en provenance du sud de l&#8217;Inde pour leurs caract\u00e9ristiques authentiques et aromatiques.<\/p><p>Ce spiritueux est m\u00e9lang\u00e9 jusqu&#8217;\u00e0 la perfection avec un m\u00e9lange unique de rhum mauricien et de rhum de qualit\u00e9 internationale m\u00fbri dans de vieux f\u00fbts de ch\u00eane.<\/p>\t\t\t\t\t\t<\/div>\n\t\t\t\t<\/div>\n\t\t\t\t\t<\/div>\n\t\t<\/div>\n\t\t\t\t<div class=\"elementor-column elementor-col-50 elementor-inner-column elementor-element elementor-element-85d9baf\" data-id=\"85d9baf\" data-element_type=\"column\">\n\t\t\t<div class=\"elementor-widget-wrap elementor-element-populated\">\n\t\t\t\t\t\t<div class=\"elementor-element elementor-element-e3be582 elementor-widget__width-initial elementor-widget elementor-widget-image\" data-id=\"e3be582\" data-element_type=\"widget\" data-widget_type=\"image.default\">\n\t\t\t\t<div class=\"elementor-widget-container\">\n\t\t\t\t\t\t\t\t\t\t\t\t\t<img decoding=\"async\" width=\"867\" height=\"817\" src=\"https:\/\/houseoflordslimited.com\/fr\/wp-content\/uploads\/sites\/2\/2024\/03\/Group-729.png\" class=\"attachment-full size-full wp-image-1045\" alt=\"\" srcset=\"https:\/\/houseoflordslimited.com\/fr\/wp-content\/uploads\/sites\/2\/2024\/03\/Group-729.png 867w, https:\/\/houseoflordslimited.com\/fr\/wp-content\/uploads\/sites\/2\/2024\/03\/Group-729-300x283.png 300w, https:\/\/houseoflordslimited.com\/fr\/wp-content\/uploads\/sites\/2\/2024\/03\/Group-729-768x724.png 768w\" sizes=\"(max-width: 867px) 100vw, 867px\" \/>\t\t\t\t\t\t\t\t\t\t\t\t\t<\/div>\n\t\t\t\t<\/div>\n\t\t\t\t\t<\/div>\n\t\t<\/div>\n\t\t\t\t\t<\/div>\n\t\t<\/section>\n\t\t\t\t\t<\/div>\n\t\t<\/div>\n\t\t\t\t<div class=\"elementor-column elementor-col-50 elementor-top-column elementor-element elementor-element-299a829 portright\" data-id=\"299a829\" data-element_type=\"column\">\n\t\t\t<div class=\"elementor-widget-wrap elementor-element-populated\">\n\t\t\t\t\t\t<div class=\"elementor-element elementor-element-fbf2176 color-scheme-inherit text-left elementor-widget elementor-widget-text-editor\" data-id=\"fbf2176\" data-element_type=\"widget\" data-widget_type=\"text-editor.default\">\n\t\t\t\t<div class=\"elementor-widget-container\">\n\t\t\t\t\t\t\t<p><strong><span style=\"color: #ff6600;\">Alcool \u2013<\/span><\/strong> 40% \/ VOL; 6 x 700 ml, 6 x 500 ml<\/p><p><strong><span style=\"color: #ff6600;\">Nez \u2013<\/span><\/strong> Captivant avec un fort ar\u00f4me de caf\u00e9<\/p><p><strong><span style=\"color: #ff6600;\">Go\u00fbt\u2013<\/span><\/strong> Riche et subtil go\u00fbt de malt sucr\u00e9 avec un arri\u00e8re-go\u00fbt persistant de grains de caf\u00e9 torr\u00e9fi\u00e9s.<\/p><p><strong><span style=\"color: #ff6600;\">Comment le d\u00e9guster\u00a0 \u2013<\/span><\/strong> \u00c0 consommer de pr\u00e9f\u00e9rence \u00e0 15 \u00b0C pour obtenir toutes ses nuances.<\/p><p>\u00c0 d\u00e9guster avec votre cocktail pr\u00e9f\u00e9r\u00e9 ou avec une glace \u00e0 la vanille.<\/p><p>Un tiers de rhum, un tiers de soda et un tiers d&#8217;eau donnent les meilleurs r\u00e9sultats et \u00e9vitent la d\u00e9shydratation.<\/p><p><em> Disponible en coffret<\/em><\/p>\t\t\t\t\t\t<\/div>\n\t\t\t\t<\/div>\n\t\t\t\t\t<\/div>\n\t\t<\/div>\n\t\t\t\t\t<\/div>\n\t\t<\/section>\n\t\t\t\t<\/div>\n\t\t","protected":false},"excerpt":{"rendered":"<p>PORT LOUIIS Tropical &#038; Fruit\u00e9 Port Louiis Mauritian Deluxe Vanilla Rum Un m\u00e9lange distinctif et savoureux, \u00e9labor\u00e9 \u00e0 partir des<\/p>\n","protected":false},"author":1,"featured_media":0,"parent":0,"menu_order":0,"comment_status":"closed","ping_status":"closed","template":"","meta":{"footnotes":""},"_links":{"self":[{"href":"https:\/\/houseoflordslimited.com\/fr\/wp-json\/wp\/v2\/pages\/1442"}],"collection":[{"href":"https:\/\/houseoflordslimited.com\/fr\/wp-json\/wp\/v2\/pages"}],"about":[{"href":"https:\/\/houseoflordslimited.com\/fr\/wp-json\/wp\/v2\/types\/page"}],"author":[{"embeddable":true,"href":"https:\/\/houseoflordslimited.com\/fr\/wp-json\/wp\/v2\/users\/1"}],"replies":[{"embeddable":true,"href":"https:\/\/houseoflordslimited.com\/fr\/wp-json\/wp\/v2\/comments?post=1442"}],"version-history":[{"count":19,"href":"https:\/\/houseoflordslimited.com\/fr\/wp-json\/wp\/v2\/pages\/1442\/revisions"}],"predecessor-version":[{"id":1671,"href":"https:\/\/houseoflordslimited.com\/fr\/wp-json\/wp\/v2\/pages\/1442\/revisions\/1671"}],"wp:attachment":[{"href":"https:\/\/houseoflordslimited.com\/fr\/wp-json\/wp\/v2\/media?parent=1442"}],"curies":[{"name":"wp","href":"https:\/\/api.w.org\/{rel}","templated":true}]}}