{"id":1387,"date":"2024-04-06T08:45:17","date_gmt":"2024-04-06T08:45:17","guid":{"rendered":"https:\/\/houseoflordslimited.com\/fr\/?page_id=1387"},"modified":"2024-05-23T13:36:16","modified_gmt":"2024-05-23T13:36:16","slug":"saps-s-3-q-vodka","status":"publish","type":"page","link":"https:\/\/houseoflordslimited.com\/fr\/saps-s-3-q-vodka\/","title":{"rendered":"SAP\u2019s S 3 Q VODKA"},"content":{"rendered":"\t\t<div data-elementor-type=\"wp-page\" data-elementor-id=\"1387\" class=\"elementor elementor-1387\" data-elementor-post-type=\"page\">\n\t\t\t\t\t\t<section class=\"elementor-section elementor-top-section elementor-element elementor-element-4143601 elementor-section-full_width elementor-section-height-min-height elementor-section-stretched elementor-section-height-default elementor-section-items-middle wd-section-disabled\" data-id=\"4143601\" data-element_type=\"section\" data-settings=\"{&quot;stretch_section&quot;:&quot;section-stretched&quot;,&quot;background_background&quot;:&quot;classic&quot;}\">\n\t\t\t\t\t\t<div class=\"elementor-container elementor-column-gap-default\">\n\t\t\t\t\t<div class=\"elementor-column elementor-col-100 elementor-top-column elementor-element elementor-element-6195046\" data-id=\"6195046\" data-element_type=\"column\">\n\t\t\t<div class=\"elementor-widget-wrap elementor-element-populated\">\n\t\t\t\t\t\t<section class=\"wd-negative-gap elementor-section elementor-inner-section elementor-element elementor-element-b4266d2 elementor-section-boxed elementor-section-height-default elementor-section-height-default wd-section-disabled\" data-id=\"b4266d2\" data-element_type=\"section\">\n\t\t\t\t\t\t<div class=\"elementor-container elementor-column-gap-default\">\n\t\t\t\t\t<div class=\"elementor-column elementor-col-100 elementor-inner-column elementor-element elementor-element-79313f5\" data-id=\"79313f5\" data-element_type=\"column\">\n\t\t\t<div class=\"elementor-widget-wrap elementor-element-populated\">\n\t\t\t\t\t\t<div class=\"elementor-element elementor-element-0e604f8 elementor-widget elementor-widget-heading\" data-id=\"0e604f8\" data-element_type=\"widget\" data-widget_type=\"heading.default\">\n\t\t\t\t<div class=\"elementor-widget-container\">\n\t\t\t<style>\/*! elementor - v3.19.0 - 29-01-2024 *\/\n.elementor-heading-title{padding:0;margin:0;line-height:1}.elementor-widget-heading .elementor-heading-title[class*=elementor-size-]>a{color:inherit;font-size:inherit;line-height:inherit}.elementor-widget-heading .elementor-heading-title.elementor-size-small{font-size:15px}.elementor-widget-heading .elementor-heading-title.elementor-size-medium{font-size:19px}.elementor-widget-heading .elementor-heading-title.elementor-size-large{font-size:29px}.elementor-widget-heading .elementor-heading-title.elementor-size-xl{font-size:39px}.elementor-widget-heading .elementor-heading-title.elementor-size-xxl{font-size:59px}<\/style><h2 class=\"elementor-heading-title elementor-size-default\">SAP's S<sub>3<\/sub>Q VODKA<\/h2>\t\t<\/div>\n\t\t\t\t<\/div>\n\t\t\t\t\t<\/div>\n\t\t<\/div>\n\t\t\t\t\t<\/div>\n\t\t<\/section>\n\t\t\t\t\t<\/div>\n\t\t<\/div>\n\t\t\t\t\t<\/div>\n\t\t<\/section>\n\t\t\t\t<section class=\"elementor-section elementor-top-section elementor-element elementor-element-e278830 elementor-section-full_width elementor-section-stretched elementor-section-height-default elementor-section-height-default wd-section-disabled\" data-id=\"e278830\" data-element_type=\"section\" data-settings=\"{&quot;stretch_section&quot;:&quot;section-stretched&quot;}\">\n\t\t\t\t\t\t<div class=\"elementor-container elementor-column-gap-default\">\n\t\t\t\t\t<div class=\"elementor-column elementor-col-50 elementor-top-column elementor-element elementor-element-8f838e0\" data-id=\"8f838e0\" data-element_type=\"column\">\n\t\t\t<div class=\"elementor-widget-wrap elementor-element-populated\">\n\t\t\t\t\t\t<section class=\"elementor-section elementor-inner-section elementor-element elementor-element-06f80ad elementor-section-full_width elementor-section-height-default elementor-section-height-default wd-section-disabled\" data-id=\"06f80ad\" data-element_type=\"section\" data-settings=\"{&quot;background_background&quot;:&quot;classic&quot;}\">\n\t\t\t\t\t\t<div class=\"elementor-container elementor-column-gap-default\">\n\t\t\t\t\t<div class=\"elementor-column elementor-col-50 elementor-inner-column elementor-element elementor-element-b806f86 portleft\" data-id=\"b806f86\" data-element_type=\"column\">\n\t\t\t<div class=\"elementor-widget-wrap elementor-element-populated\">\n\t\t\t\t\t\t<div class=\"elementor-element elementor-element-f8db828 elementor-widget elementor-widget-heading\" data-id=\"f8db828\" data-element_type=\"widget\" data-widget_type=\"heading.default\">\n\t\t\t\t<div class=\"elementor-widget-container\">\n\t\t\t<h2 class=\"elementor-heading-title elementor-size-default\">SAP's S<sub>3<\/sub>Q La Collection de Vodka Aromatis\u00e9e<\/h2>\t\t<\/div>\n\t\t\t\t<\/div>\n\t\t\t\t<div class=\"elementor-element elementor-element-44e4520 color-scheme-inherit text-left elementor-widget elementor-widget-text-editor\" data-id=\"44e4520\" data-element_type=\"widget\" data-widget_type=\"text-editor.default\">\n\t\t\t\t<div class=\"elementor-widget-container\">\n\t\t\t<style>\/*! elementor - v3.19.0 - 29-01-2024 *\/\n.elementor-widget-text-editor.elementor-drop-cap-view-stacked .elementor-drop-cap{background-color:#69727d;color:#fff}.elementor-widget-text-editor.elementor-drop-cap-view-framed .elementor-drop-cap{color:#69727d;border:3px solid;background-color:transparent}.elementor-widget-text-editor:not(.elementor-drop-cap-view-default) .elementor-drop-cap{margin-top:8px}.elementor-widget-text-editor:not(.elementor-drop-cap-view-default) .elementor-drop-cap-letter{width:1em;height:1em}.elementor-widget-text-editor .elementor-drop-cap{float:left;text-align:center;line-height:1;font-size:50px}.elementor-widget-text-editor .elementor-drop-cap-letter{display:inline-block}<\/style>\t\t\t\t<p>La vodka, souvent consid\u00e9r\u00e9e comme un spiritueux classique est r\u00e9put\u00e9e pour sa polyvalence et sa puret\u00e9. Son go\u00fbt neutre et son caract\u00e8re doux en font une base parfaite pour les cocktails.<\/p><p>Ce classique, associ\u00e9 \u00e0 notre processus de triple distillation, rend cette collection id\u00e9ale pour les palais en qu\u00eate d&#8217;aventure.<\/p><p>Servez-M\u00e9langez-F\u00eatez.<\/p>\t\t\t\t\t\t<\/div>\n\t\t\t\t<\/div>\n\t\t\t\t\t<\/div>\n\t\t<\/div>\n\t\t\t\t<div class=\"elementor-column elementor-col-50 elementor-inner-column elementor-element elementor-element-6ec401a\" data-id=\"6ec401a\" data-element_type=\"column\">\n\t\t\t<div class=\"elementor-widget-wrap elementor-element-populated\">\n\t\t\t\t\t\t<div class=\"elementor-element elementor-element-6d2b688 elementor-widget__width-initial elementor-widget elementor-widget-image\" data-id=\"6d2b688\" data-element_type=\"widget\" data-widget_type=\"image.default\">\n\t\t\t\t<div class=\"elementor-widget-container\">\n\t\t\t<style>\/*! elementor - v3.19.0 - 29-01-2024 *\/\n.elementor-widget-image{text-align:center}.elementor-widget-image a{display:inline-block}.elementor-widget-image a img[src$=\".svg\"]{width:48px}.elementor-widget-image img{vertical-align:middle;display:inline-block}<\/style>\t\t\t\t\t\t\t\t\t\t<img fetchpriority=\"high\" decoding=\"async\" width=\"1041\" height=\"797\" src=\"https:\/\/houseoflordslimited.com\/fr\/wp-content\/uploads\/sites\/2\/2024\/02\/SAPs-S3Q-Flavoured-Collection.png\" class=\"attachment-full size-full wp-image-355\" alt=\"\" srcset=\"https:\/\/houseoflordslimited.com\/fr\/wp-content\/uploads\/sites\/2\/2024\/02\/SAPs-S3Q-Flavoured-Collection.png 1041w, https:\/\/houseoflordslimited.com\/fr\/wp-content\/uploads\/sites\/2\/2024\/02\/SAPs-S3Q-Flavoured-Collection-300x230.png 300w, https:\/\/houseoflordslimited.com\/fr\/wp-content\/uploads\/sites\/2\/2024\/02\/SAPs-S3Q-Flavoured-Collection-1024x784.png 1024w, https:\/\/houseoflordslimited.com\/fr\/wp-content\/uploads\/sites\/2\/2024\/02\/SAPs-S3Q-Flavoured-Collection-768x588.png 768w\" sizes=\"(max-width: 1041px) 100vw, 1041px\" \/>\t\t\t\t\t\t\t\t\t\t\t\t\t<\/div>\n\t\t\t\t<\/div>\n\t\t\t\t\t<\/div>\n\t\t<\/div>\n\t\t\t\t\t<\/div>\n\t\t<\/section>\n\t\t\t\t\t<\/div>\n\t\t<\/div>\n\t\t\t\t<div class=\"elementor-column elementor-col-50 elementor-top-column elementor-element elementor-element-88e6951 portright\" data-id=\"88e6951\" data-element_type=\"column\">\n\t\t\t<div class=\"elementor-widget-wrap elementor-element-populated\">\n\t\t\t\t\t\t<div class=\"elementor-element elementor-element-7922593 color-scheme-inherit text-left elementor-widget elementor-widget-text-editor\" data-id=\"7922593\" data-element_type=\"widget\" data-widget_type=\"text-editor.default\">\n\t\t\t\t<div class=\"elementor-widget-container\">\n\t\t\t\t\t\t\t<p><span style=\"color: #ff8800;\"><strong>Alcool \u2013<\/strong><\/span> 40% \/ VOL; 12x 750 ml, 24 x 200 ml<\/p><p><span style=\"color: #ff8800;\"><strong>Autres variantes \u2013<\/strong><\/span><\/p><p>Chocolat<\/p><p>Agrumes<\/p><p>Citron Agrumes<\/p><p>Orange<\/p><p><span style=\"color: #ff8800;\"><strong>Rendez-le anim\u00e9 \u2013<\/strong><\/span><\/p><p>N&#8217;h\u00e9sitez pas \u00e0 laisser libre cours \u00e0 votre imagination pour les m\u00e9langes et les garnitures.<\/p><p>Ces vodkas aromatis\u00e9es offrent des possibilit\u00e9s infinies pour des cocktails uniques.<\/p>\t\t\t\t\t\t<\/div>\n\t\t\t\t<\/div>\n\t\t\t\t\t<\/div>\n\t\t<\/div>\n\t\t\t\t\t<\/div>\n\t\t<\/section>\n\t\t\t\t<\/div>\n\t\t","protected":false},"excerpt":{"rendered":"<p>SAP&#8217;s S3Q VODKA SAP&#8217;s S3Q La Collection de Vodka Aromatis\u00e9e La vodka, souvent consid\u00e9r\u00e9e comme un spiritueux classique est r\u00e9put\u00e9e<\/p>\n","protected":false},"author":1,"featured_media":0,"parent":0,"menu_order":0,"comment_status":"closed","ping_status":"closed","template":"","meta":{"footnotes":""},"_links":{"self":[{"href":"https:\/\/houseoflordslimited.com\/fr\/wp-json\/wp\/v2\/pages\/1387"}],"collection":[{"href":"https:\/\/houseoflordslimited.com\/fr\/wp-json\/wp\/v2\/pages"}],"about":[{"href":"https:\/\/houseoflordslimited.com\/fr\/wp-json\/wp\/v2\/types\/page"}],"author":[{"embeddable":true,"href":"https:\/\/houseoflordslimited.com\/fr\/wp-json\/wp\/v2\/users\/1"}],"replies":[{"embeddable":true,"href":"https:\/\/houseoflordslimited.com\/fr\/wp-json\/wp\/v2\/comments?post=1387"}],"version-history":[{"count":10,"href":"https:\/\/houseoflordslimited.com\/fr\/wp-json\/wp\/v2\/pages\/1387\/revisions"}],"predecessor-version":[{"id":1788,"href":"https:\/\/houseoflordslimited.com\/fr\/wp-json\/wp\/v2\/pages\/1387\/revisions\/1788"}],"wp:attachment":[{"href":"https:\/\/houseoflordslimited.com\/fr\/wp-json\/wp\/v2\/media?parent=1387"}],"curies":[{"name":"wp","href":"https:\/\/api.w.org\/{rel}","templated":true}]}}