{"id":1379,"date":"2024-04-06T08:42:22","date_gmt":"2024-04-06T08:42:22","guid":{"rendered":"https:\/\/houseoflordslimited.com\/fr\/?page_id=1379"},"modified":"2024-04-06T10:26:47","modified_gmt":"2024-04-06T10:26:47","slug":"louis-xv","status":"publish","type":"page","link":"https:\/\/houseoflordslimited.com\/fr\/louis-xv\/","title":{"rendered":"louis xv"},"content":{"rendered":"\t\t<div data-elementor-type=\"wp-page\" data-elementor-id=\"1379\" class=\"elementor elementor-1379\" data-elementor-post-type=\"page\">\n\t\t\t\t\t\t<section class=\"elementor-section elementor-top-section elementor-element elementor-element-7cdf4b7 elementor-section-full_width elementor-section-height-min-height elementor-section-stretched elementor-section-height-default elementor-section-items-middle wd-section-disabled\" data-id=\"7cdf4b7\" data-element_type=\"section\" data-settings=\"{&quot;stretch_section&quot;:&quot;section-stretched&quot;,&quot;background_background&quot;:&quot;classic&quot;}\">\n\t\t\t\t\t\t\t<div class=\"elementor-background-overlay\"><\/div>\n\t\t\t\t\t\t\t<div class=\"elementor-container elementor-column-gap-default\">\n\t\t\t\t\t<div class=\"elementor-column elementor-col-100 elementor-top-column elementor-element elementor-element-3af85a8\" data-id=\"3af85a8\" data-element_type=\"column\">\n\t\t\t<div class=\"elementor-widget-wrap elementor-element-populated\">\n\t\t\t\t\t\t<section class=\"wd-negative-gap elementor-section elementor-inner-section elementor-element elementor-element-7cfea87 elementor-section-boxed elementor-section-height-default elementor-section-height-default wd-section-disabled\" data-id=\"7cfea87\" data-element_type=\"section\">\n\t\t\t\t\t\t<div class=\"elementor-container elementor-column-gap-default\">\n\t\t\t\t\t<div class=\"elementor-column elementor-col-100 elementor-inner-column elementor-element elementor-element-8fab5b9\" data-id=\"8fab5b9\" data-element_type=\"column\">\n\t\t\t<div class=\"elementor-widget-wrap elementor-element-populated\">\n\t\t\t\t\t\t<div class=\"elementor-element elementor-element-f5dc2a0 elementor-widget elementor-widget-heading\" data-id=\"f5dc2a0\" data-element_type=\"widget\" data-widget_type=\"heading.default\">\n\t\t\t\t<div class=\"elementor-widget-container\">\n\t\t\t<style>\/*! elementor - v3.19.0 - 29-01-2024 *\/\n.elementor-heading-title{padding:0;margin:0;line-height:1}.elementor-widget-heading .elementor-heading-title[class*=elementor-size-]>a{color:inherit;font-size:inherit;line-height:inherit}.elementor-widget-heading .elementor-heading-title.elementor-size-small{font-size:15px}.elementor-widget-heading .elementor-heading-title.elementor-size-medium{font-size:19px}.elementor-widget-heading .elementor-heading-title.elementor-size-large{font-size:29px}.elementor-widget-heading .elementor-heading-title.elementor-size-xl{font-size:39px}.elementor-widget-heading .elementor-heading-title.elementor-size-xxl{font-size:59px}<\/style><h2 class=\"elementor-heading-title elementor-size-default\">LOUIS XV<\/h2>\t\t<\/div>\n\t\t\t\t<\/div>\n\t\t\t\t\t<\/div>\n\t\t<\/div>\n\t\t\t\t\t<\/div>\n\t\t<\/section>\n\t\t\t\t\t<\/div>\n\t\t<\/div>\n\t\t\t\t\t<\/div>\n\t\t<\/section>\n\t\t\t\t<section class=\"elementor-section elementor-top-section elementor-element elementor-element-1e829ac elementor-section-full_width elementor-section-stretched elementor-section-height-default elementor-section-height-default wd-section-disabled\" data-id=\"1e829ac\" data-element_type=\"section\" data-settings=\"{&quot;stretch_section&quot;:&quot;section-stretched&quot;}\">\n\t\t\t\t\t\t<div class=\"elementor-container elementor-column-gap-default\">\n\t\t\t\t\t<div class=\"elementor-column elementor-col-50 elementor-top-column elementor-element elementor-element-4c1e87b\" data-id=\"4c1e87b\" data-element_type=\"column\">\n\t\t\t<div class=\"elementor-widget-wrap elementor-element-populated\">\n\t\t\t\t\t\t<section class=\"elementor-section elementor-inner-section elementor-element elementor-element-f42e374 elementor-section-full_width elementor-section-height-default elementor-section-height-default wd-section-disabled\" data-id=\"f42e374\" data-element_type=\"section\" data-settings=\"{&quot;background_background&quot;:&quot;classic&quot;}\">\n\t\t\t\t\t\t<div class=\"elementor-container elementor-column-gap-default\">\n\t\t\t\t\t<div class=\"elementor-column elementor-col-50 elementor-inner-column elementor-element elementor-element-5f708dc portleft\" data-id=\"5f708dc\" data-element_type=\"column\">\n\t\t\t<div class=\"elementor-widget-wrap elementor-element-populated\">\n\t\t\t\t\t\t<div class=\"elementor-element elementor-element-bb09522 elementor-widget elementor-widget-heading\" data-id=\"bb09522\" data-element_type=\"widget\" data-widget_type=\"heading.default\">\n\t\t\t\t<div class=\"elementor-widget-container\">\n\t\t\t<h2 class=\"elementor-heading-title elementor-size-default\">Louis XV Premium French Brandy<\/h2>\t\t<\/div>\n\t\t\t\t<\/div>\n\t\t\t\t<div class=\"elementor-element elementor-element-bbf5e4b color-scheme-inherit text-left elementor-widget elementor-widget-text-editor\" data-id=\"bbf5e4b\" data-element_type=\"widget\" data-widget_type=\"text-editor.default\">\n\t\t\t\t<div class=\"elementor-widget-container\">\n\t\t\t<style>\/*! elementor - v3.19.0 - 29-01-2024 *\/\n.elementor-widget-text-editor.elementor-drop-cap-view-stacked .elementor-drop-cap{background-color:#69727d;color:#fff}.elementor-widget-text-editor.elementor-drop-cap-view-framed .elementor-drop-cap{color:#69727d;border:3px solid;background-color:transparent}.elementor-widget-text-editor:not(.elementor-drop-cap-view-default) .elementor-drop-cap{margin-top:8px}.elementor-widget-text-editor:not(.elementor-drop-cap-view-default) .elementor-drop-cap-letter{width:1em;height:1em}.elementor-widget-text-editor .elementor-drop-cap{float:left;text-align:center;line-height:1;font-size:50px}.elementor-widget-text-editor .elementor-drop-cap-letter{display:inline-block}<\/style>\t\t\t\t<p>Le Louis XV est un hommage au passage des Fran\u00e7ais sur l&#8217;\u00eele. La France conna\u00eet un savoir-faire reconnu en mati\u00e8re d&#8217;\u00e9laboration d&#8217;eau-de-vie, v\u00e9ritable art transmis d&#8217;un artisan \u00e0 l&#8217;autre.<\/p><p>Notre eau-de-vie est \u00e9labor\u00e9e \u00e0 partir de raisins vieillis en f\u00fbts de ch\u00eane et de concentr\u00e9s d&#8217;eau-de-vie de France, soit la cr\u00e8me de la cr\u00e8me.<\/p>\t\t\t\t\t\t<\/div>\n\t\t\t\t<\/div>\n\t\t\t\t\t<\/div>\n\t\t<\/div>\n\t\t\t\t<div class=\"elementor-column elementor-col-50 elementor-inner-column elementor-element elementor-element-e2dacdc\" data-id=\"e2dacdc\" data-element_type=\"column\">\n\t\t\t<div class=\"elementor-widget-wrap elementor-element-populated\">\n\t\t\t\t\t\t<div class=\"elementor-element elementor-element-c7631b3 elementor-widget__width-initial elementor-widget elementor-widget-image\" data-id=\"c7631b3\" data-element_type=\"widget\" data-widget_type=\"image.default\">\n\t\t\t\t<div class=\"elementor-widget-container\">\n\t\t\t<style>\/*! elementor - v3.19.0 - 29-01-2024 *\/\n.elementor-widget-image{text-align:center}.elementor-widget-image a{display:inline-block}.elementor-widget-image a img[src$=\".svg\"]{width:48px}.elementor-widget-image img{vertical-align:middle;display:inline-block}<\/style>\t\t\t\t\t\t\t\t\t\t<img fetchpriority=\"high\" decoding=\"async\" width=\"831\" height=\"754\" src=\"https:\/\/houseoflordslimited.com\/fr\/wp-content\/uploads\/sites\/2\/2024\/02\/Group-7-Brother-04.png\" class=\"attachment-full size-full wp-image-352\" alt=\"\" srcset=\"https:\/\/houseoflordslimited.com\/fr\/wp-content\/uploads\/sites\/2\/2024\/02\/Group-7-Brother-04.png 831w, https:\/\/houseoflordslimited.com\/fr\/wp-content\/uploads\/sites\/2\/2024\/02\/Group-7-Brother-04-300x272.png 300w, https:\/\/houseoflordslimited.com\/fr\/wp-content\/uploads\/sites\/2\/2024\/02\/Group-7-Brother-04-768x697.png 768w\" sizes=\"(max-width: 831px) 100vw, 831px\" \/>\t\t\t\t\t\t\t\t\t\t\t\t\t<\/div>\n\t\t\t\t<\/div>\n\t\t\t\t\t<\/div>\n\t\t<\/div>\n\t\t\t\t\t<\/div>\n\t\t<\/section>\n\t\t\t\t\t<\/div>\n\t\t<\/div>\n\t\t\t\t<div class=\"elementor-column elementor-col-50 elementor-top-column elementor-element elementor-element-d09507e portright\" data-id=\"d09507e\" data-element_type=\"column\">\n\t\t\t<div class=\"elementor-widget-wrap elementor-element-populated\">\n\t\t\t\t\t\t<div class=\"elementor-element elementor-element-53ed2c8 color-scheme-inherit text-left elementor-widget elementor-widget-text-editor\" data-id=\"53ed2c8\" data-element_type=\"widget\" data-widget_type=\"text-editor.default\">\n\t\t\t\t<div class=\"elementor-widget-container\">\n\t\t\t\t\t\t\t<p><span style=\"color: #ff8800;\"><strong>Alcool \u2013<\/strong><\/span> 40% \/ VOL; 12 x 750 ml, 24 x 200 ml<\/p><p><span style=\"color: #ff8800;\"><strong>Nez\u2013<\/strong><\/span> Ar\u00f4me l\u00e9ger et raffin\u00e9 d&#8217;eau-de-vie \u00e9pic\u00e9e<\/p><p><span style=\"color: #ff8800;\"><strong>Palais \u2013 <\/strong><\/span>Comparable aux meilleures eaux-de-vie avec une finition longue et des nuances de miel, de vanille et d&#8217;\u00e9pices.<\/p>\t\t\t\t\t\t<\/div>\n\t\t\t\t<\/div>\n\t\t\t\t\t<\/div>\n\t\t<\/div>\n\t\t\t\t\t<\/div>\n\t\t<\/section>\n\t\t\t\t<\/div>\n\t\t","protected":false},"excerpt":{"rendered":"<p>LOUIS XV Louis XV Premium French Brandy Le Louis XV est un hommage au passage des Fran\u00e7ais sur l&#8217;\u00eele. La<\/p>\n","protected":false},"author":1,"featured_media":0,"parent":0,"menu_order":0,"comment_status":"closed","ping_status":"closed","template":"","meta":{"footnotes":""},"_links":{"self":[{"href":"https:\/\/houseoflordslimited.com\/fr\/wp-json\/wp\/v2\/pages\/1379"}],"collection":[{"href":"https:\/\/houseoflordslimited.com\/fr\/wp-json\/wp\/v2\/pages"}],"about":[{"href":"https:\/\/houseoflordslimited.com\/fr\/wp-json\/wp\/v2\/types\/page"}],"author":[{"embeddable":true,"href":"https:\/\/houseoflordslimited.com\/fr\/wp-json\/wp\/v2\/users\/1"}],"replies":[{"embeddable":true,"href":"https:\/\/houseoflordslimited.com\/fr\/wp-json\/wp\/v2\/comments?post=1379"}],"version-history":[{"count":10,"href":"https:\/\/houseoflordslimited.com\/fr\/wp-json\/wp\/v2\/pages\/1379\/revisions"}],"predecessor-version":[{"id":1545,"href":"https:\/\/houseoflordslimited.com\/fr\/wp-json\/wp\/v2\/pages\/1379\/revisions\/1545"}],"wp:attachment":[{"href":"https:\/\/houseoflordslimited.com\/fr\/wp-json\/wp\/v2\/media?parent=1379"}],"curies":[{"name":"wp","href":"https:\/\/api.w.org\/{rel}","templated":true}]}}