{"id":1352,"date":"2024-04-05T08:49:19","date_gmt":"2024-04-05T08:49:19","guid":{"rendered":"https:\/\/houseoflordslimited.com\/fr\/?page_id=1352"},"modified":"2024-04-05T08:51:50","modified_gmt":"2024-04-05T08:51:50","slug":"senates-no-1","status":"publish","type":"page","link":"https:\/\/houseoflordslimited.com\/fr\/senates-no-1\/","title":{"rendered":"SENATE\u2019S NO 1"},"content":{"rendered":"\t\t<div data-elementor-type=\"wp-page\" data-elementor-id=\"1352\" class=\"elementor elementor-1352\" data-elementor-post-type=\"page\">\n\t\t\t\t\t\t<section class=\"elementor-section elementor-top-section elementor-element elementor-element-eb33c28 elementor-section-full_width elementor-section-height-min-height elementor-section-stretched elementor-section-height-default elementor-section-items-middle wd-section-disabled\" data-id=\"eb33c28\" data-element_type=\"section\" data-settings=\"{&quot;stretch_section&quot;:&quot;section-stretched&quot;,&quot;background_background&quot;:&quot;classic&quot;}\">\n\t\t\t\t\t\t<div class=\"elementor-container elementor-column-gap-default\">\n\t\t\t\t\t<div class=\"elementor-column elementor-col-100 elementor-top-column elementor-element elementor-element-8cc7040\" data-id=\"8cc7040\" data-element_type=\"column\">\n\t\t\t<div class=\"elementor-widget-wrap elementor-element-populated\">\n\t\t\t\t\t\t<section class=\"wd-negative-gap elementor-section elementor-inner-section elementor-element elementor-element-4f74185 elementor-section-boxed elementor-section-height-default elementor-section-height-default wd-section-disabled\" data-id=\"4f74185\" data-element_type=\"section\">\n\t\t\t\t\t\t<div class=\"elementor-container elementor-column-gap-default\">\n\t\t\t\t\t<div class=\"elementor-column elementor-col-100 elementor-inner-column elementor-element elementor-element-cec7a01\" data-id=\"cec7a01\" data-element_type=\"column\">\n\t\t\t<div class=\"elementor-widget-wrap elementor-element-populated\">\n\t\t\t\t\t\t<div class=\"elementor-element elementor-element-a01f144 elementor-widget elementor-widget-heading\" data-id=\"a01f144\" data-element_type=\"widget\" data-widget_type=\"heading.default\">\n\t\t\t\t<div class=\"elementor-widget-container\">\n\t\t\t<style>\/*! elementor - v3.19.0 - 29-01-2024 *\/\n.elementor-heading-title{padding:0;margin:0;line-height:1}.elementor-widget-heading .elementor-heading-title[class*=elementor-size-]>a{color:inherit;font-size:inherit;line-height:inherit}.elementor-widget-heading .elementor-heading-title.elementor-size-small{font-size:15px}.elementor-widget-heading .elementor-heading-title.elementor-size-medium{font-size:19px}.elementor-widget-heading .elementor-heading-title.elementor-size-large{font-size:29px}.elementor-widget-heading .elementor-heading-title.elementor-size-xl{font-size:39px}.elementor-widget-heading .elementor-heading-title.elementor-size-xxl{font-size:59px}<\/style><h2 class=\"elementor-heading-title elementor-size-default\">Senate\u2019s No. 1 Premium Malt Blended Whisky<\/h2>\t\t<\/div>\n\t\t\t\t<\/div>\n\t\t\t\t\t<\/div>\n\t\t<\/div>\n\t\t\t\t\t<\/div>\n\t\t<\/section>\n\t\t\t\t\t<\/div>\n\t\t<\/div>\n\t\t\t\t\t<\/div>\n\t\t<\/section>\n\t\t\t\t<section class=\"elementor-section elementor-top-section elementor-element elementor-element-ee32f3c elementor-section-full_width elementor-section-stretched elementor-section-height-default elementor-section-height-default wd-section-disabled\" data-id=\"ee32f3c\" data-element_type=\"section\" data-settings=\"{&quot;stretch_section&quot;:&quot;section-stretched&quot;}\">\n\t\t\t\t\t\t<div class=\"elementor-container elementor-column-gap-default\">\n\t\t\t\t\t<div class=\"elementor-column elementor-col-50 elementor-top-column elementor-element elementor-element-cc74ed1\" data-id=\"cc74ed1\" data-element_type=\"column\">\n\t\t\t<div class=\"elementor-widget-wrap elementor-element-populated\">\n\t\t\t\t\t\t<section class=\"elementor-section elementor-inner-section elementor-element elementor-element-26fb7e0 elementor-section-full_width elementor-section-height-default elementor-section-height-default wd-section-disabled\" data-id=\"26fb7e0\" data-element_type=\"section\" data-settings=\"{&quot;background_background&quot;:&quot;classic&quot;}\">\n\t\t\t\t\t\t<div class=\"elementor-container elementor-column-gap-default\">\n\t\t\t\t\t<div class=\"elementor-column elementor-col-50 elementor-inner-column elementor-element elementor-element-8fb2c6c portleft\" data-id=\"8fb2c6c\" data-element_type=\"column\">\n\t\t\t<div class=\"elementor-widget-wrap elementor-element-populated\">\n\t\t\t\t\t\t<div class=\"elementor-element elementor-element-c8fdf4c elementor-widget elementor-widget-heading\" data-id=\"c8fdf4c\" data-element_type=\"widget\" data-widget_type=\"heading.default\">\n\t\t\t\t<div class=\"elementor-widget-container\">\n\t\t\t<h2 class=\"elementor-heading-title elementor-size-default\">Senate\u2019s No. 1 Premium Malt Blended Whisky<\/h2>\t\t<\/div>\n\t\t\t\t<\/div>\n\t\t\t\t<div class=\"elementor-element elementor-element-5ea9703 color-scheme-inherit text-left elementor-widget elementor-widget-text-editor\" data-id=\"5ea9703\" data-element_type=\"widget\" data-widget_type=\"text-editor.default\">\n\t\t\t\t<div class=\"elementor-widget-container\">\n\t\t\t<style>\/*! elementor - v3.19.0 - 29-01-2024 *\/\n.elementor-widget-text-editor.elementor-drop-cap-view-stacked .elementor-drop-cap{background-color:#69727d;color:#fff}.elementor-widget-text-editor.elementor-drop-cap-view-framed .elementor-drop-cap{color:#69727d;border:3px solid;background-color:transparent}.elementor-widget-text-editor:not(.elementor-drop-cap-view-default) .elementor-drop-cap{margin-top:8px}.elementor-widget-text-editor:not(.elementor-drop-cap-view-default) .elementor-drop-cap-letter{width:1em;height:1em}.elementor-widget-text-editor .elementor-drop-cap{float:left;text-align:center;line-height:1;font-size:50px}.elementor-widget-text-editor .elementor-drop-cap-letter{display:inline-block}<\/style>\t\t\t\t<p>Le Senate&#8217;s No. 1 Whisky est une \u00e9vasion noble. Inspir\u00e9 par les souverains fran\u00e7ais et anglais de l&#8217;\u00eele, ce m\u00e9lange de whisky de malt offre une exp\u00e9rience douce avec des notes fum\u00e9es persistantes.<\/p>\t\t\t\t\t\t<\/div>\n\t\t\t\t<\/div>\n\t\t\t\t\t<\/div>\n\t\t<\/div>\n\t\t\t\t<div class=\"elementor-column elementor-col-50 elementor-inner-column elementor-element elementor-element-4af82bb\" data-id=\"4af82bb\" data-element_type=\"column\">\n\t\t\t<div class=\"elementor-widget-wrap elementor-element-populated\">\n\t\t\t\t\t\t<div class=\"elementor-element elementor-element-8a52fd3 elementor-widget__width-initial elementor-widget elementor-widget-image\" data-id=\"8a52fd3\" data-element_type=\"widget\" data-widget_type=\"image.default\">\n\t\t\t\t<div class=\"elementor-widget-container\">\n\t\t\t<style>\/*! elementor - v3.19.0 - 29-01-2024 *\/\n.elementor-widget-image{text-align:center}.elementor-widget-image a{display:inline-block}.elementor-widget-image a img[src$=\".svg\"]{width:48px}.elementor-widget-image img{vertical-align:middle;display:inline-block}<\/style>\t\t\t\t\t\t\t\t\t\t<img fetchpriority=\"high\" decoding=\"async\" width=\"600\" height=\"600\" src=\"https:\/\/houseoflordslimited.com\/fr\/wp-content\/uploads\/sites\/2\/2024\/04\/senates.webp\" class=\"attachment-full size-full wp-image-1360\" alt=\"\" srcset=\"https:\/\/houseoflordslimited.com\/fr\/wp-content\/uploads\/sites\/2\/2024\/04\/senates.webp 600w, https:\/\/houseoflordslimited.com\/fr\/wp-content\/uploads\/sites\/2\/2024\/04\/senates-300x300.webp 300w, https:\/\/houseoflordslimited.com\/fr\/wp-content\/uploads\/sites\/2\/2024\/04\/senates-150x150.webp 150w\" sizes=\"(max-width: 600px) 100vw, 600px\" \/>\t\t\t\t\t\t\t\t\t\t\t\t\t<\/div>\n\t\t\t\t<\/div>\n\t\t\t\t\t<\/div>\n\t\t<\/div>\n\t\t\t\t\t<\/div>\n\t\t<\/section>\n\t\t\t\t\t<\/div>\n\t\t<\/div>\n\t\t\t\t<div class=\"elementor-column elementor-col-50 elementor-top-column elementor-element elementor-element-44529d0 portright\" data-id=\"44529d0\" data-element_type=\"column\">\n\t\t\t<div class=\"elementor-widget-wrap elementor-element-populated\">\n\t\t\t\t\t\t<div class=\"elementor-element elementor-element-ab1a9ac color-scheme-inherit text-left elementor-widget elementor-widget-text-editor\" data-id=\"ab1a9ac\" data-element_type=\"widget\" data-widget_type=\"text-editor.default\">\n\t\t\t\t<div class=\"elementor-widget-container\">\n\t\t\t\t\t\t\t<p><span style=\"color: #ff8800;\"><strong>Alcool\u00a0 \u2013<\/strong><\/span> 40% \/ VOL; 12x 750 ml<\/p><p><span style=\"color: #ff8800;\"><strong>Nez \u2013<\/strong><\/span> Doux et rond avec des notes de malt, de beurre et de bois l\u00e9ger qui se terminent par des notes de fruits doux, de p\u00eache et d&#8217;abricot.<\/p><p><span style=\"color: #ff8800;\"><strong>Go\u00fbt\u2013<\/strong><\/span> Doux, biscuit mielleux, go\u00fbt de caramel malt\u00e9. L\u00e9g\u00e8res notes persistantes de fum\u00e9e. Finale nette avec un caract\u00e8re malt\u00e9 persistant.<\/p><p><em>Disponible en coffret<\/em><\/p>\t\t\t\t\t\t<\/div>\n\t\t\t\t<\/div>\n\t\t\t\t\t<\/div>\n\t\t<\/div>\n\t\t\t\t\t<\/div>\n\t\t<\/section>\n\t\t\t\t<\/div>\n\t\t","protected":false},"excerpt":{"rendered":"<p>Senate\u2019s No. 1 Premium Malt Blended Whisky Senate\u2019s No. 1 Premium Malt Blended Whisky Le Senate&#8217;s No. 1 Whisky est<\/p>\n","protected":false},"author":1,"featured_media":0,"parent":0,"menu_order":0,"comment_status":"closed","ping_status":"closed","template":"","meta":{"footnotes":""},"_links":{"self":[{"href":"https:\/\/houseoflordslimited.com\/fr\/wp-json\/wp\/v2\/pages\/1352"}],"collection":[{"href":"https:\/\/houseoflordslimited.com\/fr\/wp-json\/wp\/v2\/pages"}],"about":[{"href":"https:\/\/houseoflordslimited.com\/fr\/wp-json\/wp\/v2\/types\/page"}],"author":[{"embeddable":true,"href":"https:\/\/houseoflordslimited.com\/fr\/wp-json\/wp\/v2\/users\/1"}],"replies":[{"embeddable":true,"href":"https:\/\/houseoflordslimited.com\/fr\/wp-json\/wp\/v2\/comments?post=1352"}],"version-history":[{"count":7,"href":"https:\/\/houseoflordslimited.com\/fr\/wp-json\/wp\/v2\/pages\/1352\/revisions"}],"predecessor-version":[{"id":1363,"href":"https:\/\/houseoflordslimited.com\/fr\/wp-json\/wp\/v2\/pages\/1352\/revisions\/1363"}],"wp:attachment":[{"href":"https:\/\/houseoflordslimited.com\/fr\/wp-json\/wp\/v2\/media?parent=1352"}],"curies":[{"name":"wp","href":"https:\/\/api.w.org\/{rel}","templated":true}]}}