{"id":1341,"date":"2024-04-05T08:44:39","date_gmt":"2024-04-05T08:44:39","guid":{"rendered":"https:\/\/houseoflordslimited.com\/fr\/?page_id=1341"},"modified":"2024-04-05T08:47:02","modified_gmt":"2024-04-05T08:47:02","slug":"senators-no-1","status":"publish","type":"page","link":"https:\/\/houseoflordslimited.com\/fr\/senators-no-1\/","title":{"rendered":"SENATOR\u2019S NO 1"},"content":{"rendered":"\t\t<div data-elementor-type=\"wp-page\" data-elementor-id=\"1341\" class=\"elementor elementor-1341\" data-elementor-post-type=\"page\">\n\t\t\t\t\t\t<section class=\"elementor-section elementor-top-section elementor-element elementor-element-12c7d21 elementor-section-full_width elementor-section-height-min-height elementor-section-stretched elementor-section-height-default elementor-section-items-middle wd-section-disabled\" data-id=\"12c7d21\" data-element_type=\"section\" data-settings=\"{&quot;stretch_section&quot;:&quot;section-stretched&quot;,&quot;background_background&quot;:&quot;classic&quot;}\">\n\t\t\t\t\t\t<div class=\"elementor-container elementor-column-gap-default\">\n\t\t\t\t\t<div class=\"elementor-column elementor-col-100 elementor-top-column elementor-element elementor-element-6b4888e\" data-id=\"6b4888e\" data-element_type=\"column\">\n\t\t\t<div class=\"elementor-widget-wrap elementor-element-populated\">\n\t\t\t\t\t\t<section class=\"wd-negative-gap elementor-section elementor-inner-section elementor-element elementor-element-259cf8b elementor-section-boxed elementor-section-height-default elementor-section-height-default wd-section-disabled\" data-id=\"259cf8b\" data-element_type=\"section\">\n\t\t\t\t\t\t<div class=\"elementor-container elementor-column-gap-default\">\n\t\t\t\t\t<div class=\"elementor-column elementor-col-100 elementor-inner-column elementor-element elementor-element-2814d4c\" data-id=\"2814d4c\" data-element_type=\"column\">\n\t\t\t<div class=\"elementor-widget-wrap elementor-element-populated\">\n\t\t\t\t\t\t<div class=\"elementor-element elementor-element-def083a elementor-widget elementor-widget-heading\" data-id=\"def083a\" data-element_type=\"widget\" data-widget_type=\"heading.default\">\n\t\t\t\t<div class=\"elementor-widget-container\">\n\t\t\t<style>\/*! elementor - v3.19.0 - 29-01-2024 *\/\n.elementor-heading-title{padding:0;margin:0;line-height:1}.elementor-widget-heading .elementor-heading-title[class*=elementor-size-]>a{color:inherit;font-size:inherit;line-height:inherit}.elementor-widget-heading .elementor-heading-title.elementor-size-small{font-size:15px}.elementor-widget-heading .elementor-heading-title.elementor-size-medium{font-size:19px}.elementor-widget-heading .elementor-heading-title.elementor-size-large{font-size:29px}.elementor-widget-heading .elementor-heading-title.elementor-size-xl{font-size:39px}.elementor-widget-heading .elementor-heading-title.elementor-size-xxl{font-size:59px}<\/style><h2 class=\"elementor-heading-title elementor-size-default\">Senator\u2019s No. 1 Deluxe Malt Blended Whisky<\/h2>\t\t<\/div>\n\t\t\t\t<\/div>\n\t\t\t\t\t<\/div>\n\t\t<\/div>\n\t\t\t\t\t<\/div>\n\t\t<\/section>\n\t\t\t\t\t<\/div>\n\t\t<\/div>\n\t\t\t\t\t<\/div>\n\t\t<\/section>\n\t\t\t\t<section class=\"elementor-section elementor-top-section elementor-element elementor-element-db510ee elementor-section-full_width elementor-section-stretched elementor-section-height-default elementor-section-height-default wd-section-disabled\" data-id=\"db510ee\" data-element_type=\"section\" data-settings=\"{&quot;stretch_section&quot;:&quot;section-stretched&quot;}\">\n\t\t\t\t\t\t<div class=\"elementor-container elementor-column-gap-default\">\n\t\t\t\t\t<div class=\"elementor-column elementor-col-50 elementor-top-column elementor-element elementor-element-e9b2788\" data-id=\"e9b2788\" data-element_type=\"column\">\n\t\t\t<div class=\"elementor-widget-wrap elementor-element-populated\">\n\t\t\t\t\t\t<section class=\"elementor-section elementor-inner-section elementor-element elementor-element-68e510b elementor-section-full_width elementor-section-height-default elementor-section-height-default wd-section-disabled\" data-id=\"68e510b\" data-element_type=\"section\" data-settings=\"{&quot;background_background&quot;:&quot;classic&quot;}\">\n\t\t\t\t\t\t<div class=\"elementor-container elementor-column-gap-default\">\n\t\t\t\t\t<div class=\"elementor-column elementor-col-50 elementor-inner-column elementor-element elementor-element-70e06be portleft\" data-id=\"70e06be\" data-element_type=\"column\">\n\t\t\t<div class=\"elementor-widget-wrap elementor-element-populated\">\n\t\t\t\t\t\t<div class=\"elementor-element elementor-element-406ed4b elementor-widget elementor-widget-heading\" data-id=\"406ed4b\" data-element_type=\"widget\" data-widget_type=\"heading.default\">\n\t\t\t\t<div class=\"elementor-widget-container\">\n\t\t\t<h2 class=\"elementor-heading-title elementor-size-default\">Senator\u2019s No. 1 Deluxe Malt Blended Whisky<\/h2>\t\t<\/div>\n\t\t\t\t<\/div>\n\t\t\t\t<div class=\"elementor-element elementor-element-2d62dc3 color-scheme-inherit text-left elementor-widget elementor-widget-text-editor\" data-id=\"2d62dc3\" data-element_type=\"widget\" data-widget_type=\"text-editor.default\">\n\t\t\t\t<div class=\"elementor-widget-container\">\n\t\t\t<style>\/*! elementor - v3.19.0 - 29-01-2024 *\/\n.elementor-widget-text-editor.elementor-drop-cap-view-stacked .elementor-drop-cap{background-color:#69727d;color:#fff}.elementor-widget-text-editor.elementor-drop-cap-view-framed .elementor-drop-cap{color:#69727d;border:3px solid;background-color:transparent}.elementor-widget-text-editor:not(.elementor-drop-cap-view-default) .elementor-drop-cap{margin-top:8px}.elementor-widget-text-editor:not(.elementor-drop-cap-view-default) .elementor-drop-cap-letter{width:1em;height:1em}.elementor-widget-text-editor .elementor-drop-cap{float:left;text-align:center;line-height:1;font-size:50px}.elementor-widget-text-editor .elementor-drop-cap-letter{display:inline-block}<\/style>\t\t\t\t<p>Une collection inspir\u00e9e par la noblesse et la grandeur de l&#8217;h\u00e9ritage britannique sur l&#8217;\u00eele et l&#8217;\u00c9cosse, berceau des whiskeys les plus pris\u00e9s.<\/p><p>Le Senator&#8217;s No. 1 est \u00e9labor\u00e9 \u00e0 partir d&#8217;un m\u00e9lange rare de spiritueux s\u00e9lectionn\u00e9s et de scotch m\u00fbri pendant 3 ans.<\/p>\t\t\t\t\t\t<\/div>\n\t\t\t\t<\/div>\n\t\t\t\t\t<\/div>\n\t\t<\/div>\n\t\t\t\t<div class=\"elementor-column elementor-col-50 elementor-inner-column elementor-element elementor-element-079afcd\" data-id=\"079afcd\" data-element_type=\"column\">\n\t\t\t<div class=\"elementor-widget-wrap elementor-element-populated\">\n\t\t\t\t\t\t<div class=\"elementor-element elementor-element-b928b72 elementor-widget__width-initial elementor-widget elementor-widget-image\" data-id=\"b928b72\" data-element_type=\"widget\" data-widget_type=\"image.default\">\n\t\t\t\t<div class=\"elementor-widget-container\">\n\t\t\t<style>\/*! elementor - v3.19.0 - 29-01-2024 *\/\n.elementor-widget-image{text-align:center}.elementor-widget-image a{display:inline-block}.elementor-widget-image a img[src$=\".svg\"]{width:48px}.elementor-widget-image img{vertical-align:middle;display:inline-block}<\/style>\t\t\t\t\t\t\t\t\t\t<img fetchpriority=\"high\" decoding=\"async\" width=\"649\" height=\"800\" src=\"https:\/\/houseoflordslimited.com\/fr\/wp-content\/uploads\/sites\/2\/2024\/02\/Group-7-Brother-02.png\" class=\"attachment-full size-full wp-image-346\" alt=\"\" srcset=\"https:\/\/houseoflordslimited.com\/fr\/wp-content\/uploads\/sites\/2\/2024\/02\/Group-7-Brother-02.png 649w, https:\/\/houseoflordslimited.com\/fr\/wp-content\/uploads\/sites\/2\/2024\/02\/Group-7-Brother-02-243x300.png 243w\" sizes=\"(max-width: 649px) 100vw, 649px\" \/>\t\t\t\t\t\t\t\t\t\t\t\t\t<\/div>\n\t\t\t\t<\/div>\n\t\t\t\t\t<\/div>\n\t\t<\/div>\n\t\t\t\t\t<\/div>\n\t\t<\/section>\n\t\t\t\t\t<\/div>\n\t\t<\/div>\n\t\t\t\t<div class=\"elementor-column elementor-col-50 elementor-top-column elementor-element elementor-element-0455637 portright\" data-id=\"0455637\" data-element_type=\"column\">\n\t\t\t<div class=\"elementor-widget-wrap elementor-element-populated\">\n\t\t\t\t\t\t<div class=\"elementor-element elementor-element-e95328a color-scheme-inherit text-left elementor-widget elementor-widget-text-editor\" data-id=\"e95328a\" data-element_type=\"widget\" data-widget_type=\"text-editor.default\">\n\t\t\t\t<div class=\"elementor-widget-container\">\n\t\t\t\t\t\t\t<p><span style=\"color: #ff8800;\"><strong>Alcool \u2013<\/strong><\/span> 40% \/ VOL; 12x 750 ml, 24 x 200 ml<\/p><p><span style=\"color: #ff8800;\"><strong>Nez \u2013<\/strong><\/span> Tr\u00e8s doux et rond avec des notes de malt, de biscuits c\u00e9r\u00e9aliers mielleux, de beurre et de bois l\u00e9ger.<\/p><p><span style=\"color: #ff8800;\"><strong>Go\u00fbt \u2013<\/strong><\/span> Biscuit doux et mielleux, go\u00fbt de caramel malt\u00e9 avec de l\u00e9g\u00e8res notes fum\u00e9es et bois\u00e9es persistantes et une finale nette avec un caract\u00e8re de malt persistant.<\/p><p>Bien \u00e9quilibr\u00e9 en bouche avec des notes malt\u00e9es et une douce persistance des f\u00fbts de bois fum\u00e9s.<\/p><p><span style=\"color: #ff8800;\"><strong>Comment le d\u00e9guster \u2013<\/strong><\/span> \u00c0 d\u00e9guster de pr\u00e9f\u00e9rence avec des gla\u00e7ons, un peu de soda ou de l&#8217;eau.<\/p><p>Appr\u00e9ciez-le avec un mixeur<\/p><p><em> Disponible en coffret<\/em><\/p>\t\t\t\t\t\t<\/div>\n\t\t\t\t<\/div>\n\t\t\t\t\t<\/div>\n\t\t<\/div>\n\t\t\t\t\t<\/div>\n\t\t<\/section>\n\t\t\t\t<\/div>\n\t\t","protected":false},"excerpt":{"rendered":"<p>Senator\u2019s No. 1 Deluxe Malt Blended Whisky Senator\u2019s No. 1 Deluxe Malt Blended Whisky Une collection inspir\u00e9e par la noblesse<\/p>\n","protected":false},"author":1,"featured_media":0,"parent":0,"menu_order":0,"comment_status":"closed","ping_status":"closed","template":"","meta":{"footnotes":""},"_links":{"self":[{"href":"https:\/\/houseoflordslimited.com\/fr\/wp-json\/wp\/v2\/pages\/1341"}],"collection":[{"href":"https:\/\/houseoflordslimited.com\/fr\/wp-json\/wp\/v2\/pages"}],"about":[{"href":"https:\/\/houseoflordslimited.com\/fr\/wp-json\/wp\/v2\/types\/page"}],"author":[{"embeddable":true,"href":"https:\/\/houseoflordslimited.com\/fr\/wp-json\/wp\/v2\/users\/1"}],"replies":[{"embeddable":true,"href":"https:\/\/houseoflordslimited.com\/fr\/wp-json\/wp\/v2\/comments?post=1341"}],"version-history":[{"count":7,"href":"https:\/\/houseoflordslimited.com\/fr\/wp-json\/wp\/v2\/pages\/1341\/revisions"}],"predecessor-version":[{"id":1348,"href":"https:\/\/houseoflordslimited.com\/fr\/wp-json\/wp\/v2\/pages\/1341\/revisions\/1348"}],"wp:attachment":[{"href":"https:\/\/houseoflordslimited.com\/fr\/wp-json\/wp\/v2\/media?parent=1341"}],"curies":[{"name":"wp","href":"https:\/\/api.w.org\/{rel}","templated":true}]}}